{"id":174,"date":"2021-08-13T19:44:11","date_gmt":"2021-08-13T17:44:11","guid":{"rendered":"http:\/\/bonjourbangui.com\/?page_id=174"},"modified":"2021-08-13T19:47:58","modified_gmt":"2021-08-13T17:47:58","slug":"le-safari","status":"publish","type":"page","link":"https:\/\/bonjourbangui.com\/index.php\/le-safari\/","title":{"rendered":"LE SAFARI"},"content":{"rendered":"\n<p><img loading=\"lazy\" height=\"16\" width=\"16\" alt=\"\ud83c\udde8\ud83c\uddeb\" src=\"https:\/\/static.xx.fbcdn.net\/images\/emoji.php\/v9\/t6f\/1.5\/16\/1f1e8_1f1eb.png\"> AFTERWORK | APR\u00c8S BUREAU | LE SAFARI<\/p>\n\n\n\n<p><img loading=\"lazy\" height=\"16\" width=\"16\" alt=\"\u2705\" src=\"https:\/\/static.xx.fbcdn.net\/images\/emoji.php\/v9\/tba\/1.5\/16\/2705.png\"> Tous les jeudis : 17H &#8211; 21H30Ambiance discoth\u00e8que dansante<\/p>\n\n\n\n<p><img loading=\"lazy\" height=\"16\" width=\"16\" alt=\"\u2705\" src=\"https:\/\/static.xx.fbcdn.net\/images\/emoji.php\/v9\/tba\/1.5\/16\/2705.png\"> Tous les vendredis : 17H &#8211; 21H30Big Friday discoth\u00e8que (Ambiance de <img loading=\"lazy\" height=\"16\" width=\"16\" alt=\"\ud83d\udd25\" src=\"https:\/\/static.xx.fbcdn.net\/images\/emoji.php\/v9\/ta9\/1.5\/16\/1f525.png\">)<\/p>\n\n\n\n<p> <img loading=\"lazy\" height=\"16\" width=\"16\" alt=\"\ud83d\udfe7\" src=\"https:\/\/static.xx.fbcdn.net\/images\/emoji.php\/v9\/tda\/1.5\/16\/1f7e7.png\"> Tous les samedis : 17H &#8211; 21H30On remet \u00e7a avec un BigLive <img loading=\"lazy\" height=\"16\" width=\"16\" alt=\"\ud83c\udfa4\" src=\"https:\/\/static.xx.fbcdn.net\/images\/emoji.php\/v9\/td7\/1.5\/16\/1f3a4.png\"><\/p>\n\n\n\n<p><img loading=\"lazy\" height=\"16\" width=\"16\" alt=\"\u2728\" src=\"https:\/\/static.xx.fbcdn.net\/images\/emoji.php\/v9\/t7b\/1.5\/16\/2728.png\"><a href=\"https:\/\/www.facebook.com\/hashtag\/afterwork?__eep__=6&amp;__cft__[0]=AZXizLZKCUIqZ3CQGL7fNdq6QEXv28aeiSyDZ5DFkb6AHnzW-Gnj8Sn1xqJPdN-u-VARKFdzmbTCqffQXkLDqZiHBySSmMlz4JW4WBxs3_fqSDFwJfNWrvKtUFPtXFsGWIbj-1lIl7xW829zTbSZP_HIOE-VwxqdOUQbysF0TVvVbg&amp;__tn__=*NK-R\">#Afterwork<\/a> Ambiance chic <img loading=\"lazy\" height=\"16\" width=\"16\" alt=\"\u2728\" src=\"https:\/\/static.xx.fbcdn.net\/images\/emoji.php\/v9\/t7b\/1.5\/16\/2728.png\">promotion<a href=\"https:\/\/www.facebook.com\/hashtag\/isenbek_3acheter_1_offerte?__eep__=6&amp;__cft__[0]=AZXizLZKCUIqZ3CQGL7fNdq6QEXv28aeiSyDZ5DFkb6AHnzW-Gnj8Sn1xqJPdN-u-VARKFdzmbTCqffQXkLDqZiHBySSmMlz4JW4WBxs3_fqSDFwJfNWrvKtUFPtXFsGWIbj-1lIl7xW829zTbSZP_HIOE-VwxqdOUQbysF0TVvVbg&amp;__tn__=*NK-R\">#isenbek_3acheter_1_offerte<\/a><a href=\"https:\/\/www.facebook.com\/hashtag\/brochette_boeufs_cabris_poulet_1000fr?__eep__=6&amp;__cft__[0]=AZXizLZKCUIqZ3CQGL7fNdq6QEXv28aeiSyDZ5DFkb6AHnzW-Gnj8Sn1xqJPdN-u-VARKFdzmbTCqffQXkLDqZiHBySSmMlz4JW4WBxs3_fqSDFwJfNWrvKtUFPtXFsGWIbj-1lIl7xW829zTbSZP_HIOE-VwxqdOUQbysF0TVvVbg&amp;__tn__=*NK-R\">#brochette_Boeufs_Cabris_poulet_1000fr<\/a>  !!!<\/p>\n\n\n\n<figure class=\"wp-block-gallery columns-3 is-cropped\"><ul class=\"blocks-gallery-grid\"><li class=\"blocks-gallery-item\"><figure><img loading=\"lazy\" width=\"1024\" height=\"645\" src=\"http:\/\/bonjourbangui.com\/wp-content\/uploads\/2021\/08\/124863055_195685932049466_8774134867950798180_n-1024x645.jpg\" alt=\"\" data-id=\"175\" data-full-url=\"http:\/\/bonjourbangui.com\/wp-content\/uploads\/2021\/08\/124863055_195685932049466_8774134867950798180_n.jpg\" data-link=\"http:\/\/bonjourbangui.com\/?attachment_id=175\" class=\"wp-image-175\" srcset=\"https:\/\/bonjourbangui.com\/wp-content\/uploads\/2021\/08\/124863055_195685932049466_8774134867950798180_n-1024x645.jpg 1024w, https:\/\/bonjourbangui.com\/wp-content\/uploads\/2021\/08\/124863055_195685932049466_8774134867950798180_n-300x189.jpg 300w, https:\/\/bonjourbangui.com\/wp-content\/uploads\/2021\/08\/124863055_195685932049466_8774134867950798180_n-768x484.jpg 768w, https:\/\/bonjourbangui.com\/wp-content\/uploads\/2021\/08\/124863055_195685932049466_8774134867950798180_n-1536x968.jpg 1536w, https:\/\/bonjourbangui.com\/wp-content\/uploads\/2021\/08\/124863055_195685932049466_8774134867950798180_n-95x60.jpg 95w, https:\/\/bonjourbangui.com\/wp-content\/uploads\/2021\/08\/124863055_195685932049466_8774134867950798180_n.jpg 2048w\" sizes=\"(max-width: 1024px) 100vw, 1024px\" \/><\/figure><\/li><li class=\"blocks-gallery-item\"><figure><img loading=\"lazy\" width=\"1024\" height=\"683\" src=\"http:\/\/bonjourbangui.com\/wp-content\/uploads\/2021\/08\/124927946_195685755382817_5862125062321475797_n-1-1024x683.jpg\" alt=\"\" data-id=\"176\" data-full-url=\"http:\/\/bonjourbangui.com\/wp-content\/uploads\/2021\/08\/124927946_195685755382817_5862125062321475797_n-1.jpg\" data-link=\"http:\/\/bonjourbangui.com\/?attachment_id=176\" class=\"wp-image-176\" srcset=\"https:\/\/bonjourbangui.com\/wp-content\/uploads\/2021\/08\/124927946_195685755382817_5862125062321475797_n-1-1024x683.jpg 1024w, https:\/\/bonjourbangui.com\/wp-content\/uploads\/2021\/08\/124927946_195685755382817_5862125062321475797_n-1-300x200.jpg 300w, https:\/\/bonjourbangui.com\/wp-content\/uploads\/2021\/08\/124927946_195685755382817_5862125062321475797_n-1-768x512.jpg 768w, https:\/\/bonjourbangui.com\/wp-content\/uploads\/2021\/08\/124927946_195685755382817_5862125062321475797_n-1-1536x1024.jpg 1536w, https:\/\/bonjourbangui.com\/wp-content\/uploads\/2021\/08\/124927946_195685755382817_5862125062321475797_n-1-90x60.jpg 90w, https:\/\/bonjourbangui.com\/wp-content\/uploads\/2021\/08\/124927946_195685755382817_5862125062321475797_n-1-374x249.jpg 374w, https:\/\/bonjourbangui.com\/wp-content\/uploads\/2021\/08\/124927946_195685755382817_5862125062321475797_n-1.jpg 2048w\" sizes=\"(max-width: 1024px) 100vw, 1024px\" \/><\/figure><\/li><li class=\"blocks-gallery-item\"><figure><img loading=\"lazy\" width=\"1024\" height=\"683\" src=\"http:\/\/bonjourbangui.com\/wp-content\/uploads\/2021\/08\/124963006_195685985382794_6346596330722169309_n-1-1024x683.jpg\" alt=\"\" data-id=\"178\" data-full-url=\"http:\/\/bonjourbangui.com\/wp-content\/uploads\/2021\/08\/124963006_195685985382794_6346596330722169309_n-1.jpg\" data-link=\"http:\/\/bonjourbangui.com\/?attachment_id=178\" class=\"wp-image-178\" srcset=\"https:\/\/bonjourbangui.com\/wp-content\/uploads\/2021\/08\/124963006_195685985382794_6346596330722169309_n-1-1024x683.jpg 1024w, https:\/\/bonjourbangui.com\/wp-content\/uploads\/2021\/08\/124963006_195685985382794_6346596330722169309_n-1-300x200.jpg 300w, https:\/\/bonjourbangui.com\/wp-content\/uploads\/2021\/08\/124963006_195685985382794_6346596330722169309_n-1-768x512.jpg 768w, https:\/\/bonjourbangui.com\/wp-content\/uploads\/2021\/08\/124963006_195685985382794_6346596330722169309_n-1-1536x1024.jpg 1536w, https:\/\/bonjourbangui.com\/wp-content\/uploads\/2021\/08\/124963006_195685985382794_6346596330722169309_n-1-90x60.jpg 90w, https:\/\/bonjourbangui.com\/wp-content\/uploads\/2021\/08\/124963006_195685985382794_6346596330722169309_n-1-374x249.jpg 374w, https:\/\/bonjourbangui.com\/wp-content\/uploads\/2021\/08\/124963006_195685985382794_6346596330722169309_n-1.jpg 2048w\" sizes=\"(max-width: 1024px) 100vw, 1024px\" \/><\/figure><\/li><li class=\"blocks-gallery-item\"><figure><img loading=\"lazy\" width=\"1024\" height=\"683\" src=\"http:\/\/bonjourbangui.com\/wp-content\/uploads\/2021\/08\/124967815_195685898716136_1318058747028694115_n-Copie-1-1024x683.jpg\" alt=\"\" data-id=\"179\" data-full-url=\"http:\/\/bonjourbangui.com\/wp-content\/uploads\/2021\/08\/124967815_195685898716136_1318058747028694115_n-Copie-1.jpg\" data-link=\"http:\/\/bonjourbangui.com\/?attachment_id=179\" class=\"wp-image-179\" srcset=\"https:\/\/bonjourbangui.com\/wp-content\/uploads\/2021\/08\/124967815_195685898716136_1318058747028694115_n-Copie-1-1024x683.jpg 1024w, https:\/\/bonjourbangui.com\/wp-content\/uploads\/2021\/08\/124967815_195685898716136_1318058747028694115_n-Copie-1-300x200.jpg 300w, https:\/\/bonjourbangui.com\/wp-content\/uploads\/2021\/08\/124967815_195685898716136_1318058747028694115_n-Copie-1-768x512.jpg 768w, https:\/\/bonjourbangui.com\/wp-content\/uploads\/2021\/08\/124967815_195685898716136_1318058747028694115_n-Copie-1-1536x1024.jpg 1536w, https:\/\/bonjourbangui.com\/wp-content\/uploads\/2021\/08\/124967815_195685898716136_1318058747028694115_n-Copie-1-90x60.jpg 90w, https:\/\/bonjourbangui.com\/wp-content\/uploads\/2021\/08\/124967815_195685898716136_1318058747028694115_n-Copie-1-374x249.jpg 374w, https:\/\/bonjourbangui.com\/wp-content\/uploads\/2021\/08\/124967815_195685898716136_1318058747028694115_n-Copie-1.jpg 2048w\" sizes=\"(max-width: 1024px) 100vw, 1024px\" \/><\/figure><\/li><li class=\"blocks-gallery-item\"><figure><img loading=\"lazy\" width=\"1024\" height=\"683\" src=\"http:\/\/bonjourbangui.com\/wp-content\/uploads\/2021\/08\/124967815_195685898716136_1318058747028694115_n-1024x683.jpg\" alt=\"\" data-id=\"180\" data-full-url=\"http:\/\/bonjourbangui.com\/wp-content\/uploads\/2021\/08\/124967815_195685898716136_1318058747028694115_n.jpg\" data-link=\"http:\/\/bonjourbangui.com\/?attachment_id=180\" class=\"wp-image-180\" srcset=\"https:\/\/bonjourbangui.com\/wp-content\/uploads\/2021\/08\/124967815_195685898716136_1318058747028694115_n-1024x683.jpg 1024w, https:\/\/bonjourbangui.com\/wp-content\/uploads\/2021\/08\/124967815_195685898716136_1318058747028694115_n-300x200.jpg 300w, https:\/\/bonjourbangui.com\/wp-content\/uploads\/2021\/08\/124967815_195685898716136_1318058747028694115_n-768x512.jpg 768w, https:\/\/bonjourbangui.com\/wp-content\/uploads\/2021\/08\/124967815_195685898716136_1318058747028694115_n-1536x1024.jpg 1536w, https:\/\/bonjourbangui.com\/wp-content\/uploads\/2021\/08\/124967815_195685898716136_1318058747028694115_n-90x60.jpg 90w, https:\/\/bonjourbangui.com\/wp-content\/uploads\/2021\/08\/124967815_195685898716136_1318058747028694115_n-374x249.jpg 374w, https:\/\/bonjourbangui.com\/wp-content\/uploads\/2021\/08\/124967815_195685898716136_1318058747028694115_n.jpg 2048w\" sizes=\"(max-width: 1024px) 100vw, 1024px\" \/><\/figure><\/li><li class=\"blocks-gallery-item\"><figure><img loading=\"lazy\" width=\"1024\" height=\"683\" src=\"http:\/\/bonjourbangui.com\/wp-content\/uploads\/2021\/08\/125019739_195685825382810_1543412598609715691_n-1-1024x683.jpg\" alt=\"\" data-id=\"181\" data-full-url=\"http:\/\/bonjourbangui.com\/wp-content\/uploads\/2021\/08\/125019739_195685825382810_1543412598609715691_n-1.jpg\" data-link=\"http:\/\/bonjourbangui.com\/?attachment_id=181\" class=\"wp-image-181\" srcset=\"https:\/\/bonjourbangui.com\/wp-content\/uploads\/2021\/08\/125019739_195685825382810_1543412598609715691_n-1-1024x683.jpg 1024w, https:\/\/bonjourbangui.com\/wp-content\/uploads\/2021\/08\/125019739_195685825382810_1543412598609715691_n-1-300x200.jpg 300w, https:\/\/bonjourbangui.com\/wp-content\/uploads\/2021\/08\/125019739_195685825382810_1543412598609715691_n-1-768x512.jpg 768w, https:\/\/bonjourbangui.com\/wp-content\/uploads\/2021\/08\/125019739_195685825382810_1543412598609715691_n-1-1536x1024.jpg 1536w, https:\/\/bonjourbangui.com\/wp-content\/uploads\/2021\/08\/125019739_195685825382810_1543412598609715691_n-1-90x60.jpg 90w, https:\/\/bonjourbangui.com\/wp-content\/uploads\/2021\/08\/125019739_195685825382810_1543412598609715691_n-1-374x249.jpg 374w, https:\/\/bonjourbangui.com\/wp-content\/uploads\/2021\/08\/125019739_195685825382810_1543412598609715691_n-1.jpg 2048w\" sizes=\"(max-width: 1024px) 100vw, 1024px\" \/><\/figure><\/li><li class=\"blocks-gallery-item\"><figure><img loading=\"lazy\" width=\"900\" height=\"600\" src=\"http:\/\/bonjourbangui.com\/wp-content\/uploads\/2021\/08\/125152756_195685725382820_3093936457489734171_n-1.jpg\" alt=\"\" data-id=\"182\" data-full-url=\"http:\/\/bonjourbangui.com\/wp-content\/uploads\/2021\/08\/125152756_195685725382820_3093936457489734171_n-1.jpg\" data-link=\"http:\/\/bonjourbangui.com\/?attachment_id=182\" class=\"wp-image-182\" srcset=\"https:\/\/bonjourbangui.com\/wp-content\/uploads\/2021\/08\/125152756_195685725382820_3093936457489734171_n-1.jpg 900w, https:\/\/bonjourbangui.com\/wp-content\/uploads\/2021\/08\/125152756_195685725382820_3093936457489734171_n-1-300x200.jpg 300w, https:\/\/bonjourbangui.com\/wp-content\/uploads\/2021\/08\/125152756_195685725382820_3093936457489734171_n-1-768x512.jpg 768w, https:\/\/bonjourbangui.com\/wp-content\/uploads\/2021\/08\/125152756_195685725382820_3093936457489734171_n-1-90x60.jpg 90w, https:\/\/bonjourbangui.com\/wp-content\/uploads\/2021\/08\/125152756_195685725382820_3093936457489734171_n-1-374x249.jpg 374w\" sizes=\"(max-width: 900px) 100vw, 900px\" \/><\/figure><\/li><li class=\"blocks-gallery-item\"><figure><img loading=\"lazy\" width=\"1024\" height=\"683\" src=\"http:\/\/bonjourbangui.com\/wp-content\/uploads\/2021\/08\/125152756_195685792049480_7749802006341371759_n-1-1024x683.jpg\" alt=\"\" data-id=\"183\" data-full-url=\"http:\/\/bonjourbangui.com\/wp-content\/uploads\/2021\/08\/125152756_195685792049480_7749802006341371759_n-1.jpg\" data-link=\"http:\/\/bonjourbangui.com\/?attachment_id=183\" class=\"wp-image-183\" srcset=\"https:\/\/bonjourbangui.com\/wp-content\/uploads\/2021\/08\/125152756_195685792049480_7749802006341371759_n-1-1024x683.jpg 1024w, https:\/\/bonjourbangui.com\/wp-content\/uploads\/2021\/08\/125152756_195685792049480_7749802006341371759_n-1-300x200.jpg 300w, https:\/\/bonjourbangui.com\/wp-content\/uploads\/2021\/08\/125152756_195685792049480_7749802006341371759_n-1-768x512.jpg 768w, https:\/\/bonjourbangui.com\/wp-content\/uploads\/2021\/08\/125152756_195685792049480_7749802006341371759_n-1-1536x1024.jpg 1536w, https:\/\/bonjourbangui.com\/wp-content\/uploads\/2021\/08\/125152756_195685792049480_7749802006341371759_n-1-90x60.jpg 90w, https:\/\/bonjourbangui.com\/wp-content\/uploads\/2021\/08\/125152756_195685792049480_7749802006341371759_n-1-374x249.jpg 374w, https:\/\/bonjourbangui.com\/wp-content\/uploads\/2021\/08\/125152756_195685792049480_7749802006341371759_n-1.jpg 2048w\" sizes=\"(max-width: 1024px) 100vw, 1024px\" \/><\/figure><\/li><li class=\"blocks-gallery-item\"><figure><img loading=\"lazy\" width=\"1024\" height=\"683\" src=\"http:\/\/bonjourbangui.com\/wp-content\/uploads\/2021\/08\/125173894_195685852049474_5628435454188593937_n-1-1024x683.jpg\" alt=\"\" data-id=\"184\" data-full-url=\"http:\/\/bonjourbangui.com\/wp-content\/uploads\/2021\/08\/125173894_195685852049474_5628435454188593937_n-1.jpg\" data-link=\"http:\/\/bonjourbangui.com\/?attachment_id=184\" class=\"wp-image-184\" srcset=\"https:\/\/bonjourbangui.com\/wp-content\/uploads\/2021\/08\/125173894_195685852049474_5628435454188593937_n-1-1024x683.jpg 1024w, https:\/\/bonjourbangui.com\/wp-content\/uploads\/2021\/08\/125173894_195685852049474_5628435454188593937_n-1-300x200.jpg 300w, https:\/\/bonjourbangui.com\/wp-content\/uploads\/2021\/08\/125173894_195685852049474_5628435454188593937_n-1-768x512.jpg 768w, https:\/\/bonjourbangui.com\/wp-content\/uploads\/2021\/08\/125173894_195685852049474_5628435454188593937_n-1-1536x1024.jpg 1536w, https:\/\/bonjourbangui.com\/wp-content\/uploads\/2021\/08\/125173894_195685852049474_5628435454188593937_n-1-90x60.jpg 90w, https:\/\/bonjourbangui.com\/wp-content\/uploads\/2021\/08\/125173894_195685852049474_5628435454188593937_n-1-374x249.jpg 374w, https:\/\/bonjourbangui.com\/wp-content\/uploads\/2021\/08\/125173894_195685852049474_5628435454188593937_n-1.jpg 2048w\" sizes=\"(max-width: 1024px) 100vw, 1024px\" \/><\/figure><\/li><li class=\"blocks-gallery-item\"><figure><img loading=\"lazy\" width=\"1024\" height=\"768\" src=\"http:\/\/bonjourbangui.com\/wp-content\/uploads\/2021\/08\/222579732_358587082426016_3357077723741687949_n-Copie-1-1024x768.jpg\" alt=\"\" data-id=\"185\" data-full-url=\"http:\/\/bonjourbangui.com\/wp-content\/uploads\/2021\/08\/222579732_358587082426016_3357077723741687949_n-Copie-1.jpg\" data-link=\"http:\/\/bonjourbangui.com\/?attachment_id=185\" class=\"wp-image-185\" srcset=\"https:\/\/bonjourbangui.com\/wp-content\/uploads\/2021\/08\/222579732_358587082426016_3357077723741687949_n-Copie-1-1024x768.jpg 1024w, https:\/\/bonjourbangui.com\/wp-content\/uploads\/2021\/08\/222579732_358587082426016_3357077723741687949_n-Copie-1-300x225.jpg 300w, https:\/\/bonjourbangui.com\/wp-content\/uploads\/2021\/08\/222579732_358587082426016_3357077723741687949_n-Copie-1-768x576.jpg 768w, https:\/\/bonjourbangui.com\/wp-content\/uploads\/2021\/08\/222579732_358587082426016_3357077723741687949_n-Copie-1-80x60.jpg 80w, https:\/\/bonjourbangui.com\/wp-content\/uploads\/2021\/08\/222579732_358587082426016_3357077723741687949_n-Copie-1.jpg 1040w\" sizes=\"(max-width: 1024px) 100vw, 1024px\" \/><\/figure><\/li><\/ul><\/figure>\n","protected":false},"excerpt":{"rendered":"<p>AFTERWORK | APR\u00c8S BUREAU | LE SAFARI Tous les jeudis : 17H &#8211; 21H30Ambiance discoth\u00e8que dansante Tous les vendredis : 17H &#8211; 21H30Big Friday discoth\u00e8que (Ambiance de ) Tous les samedis : 17H &#8211; 21H30On remet \u00e7a avec un BigLive #Afterwork Ambiance chic promotion#isenbek_3acheter_1_offerte#brochette_Boeufs_Cabris_poulet_1000fr !!!<\/p>\n","protected":false},"author":1,"featured_media":0,"parent":0,"menu_order":0,"comment_status":"closed","ping_status":"closed","template":"","meta":[],"_links":{"self":[{"href":"https:\/\/bonjourbangui.com\/index.php\/wp-json\/wp\/v2\/pages\/174"}],"collection":[{"href":"https:\/\/bonjourbangui.com\/index.php\/wp-json\/wp\/v2\/pages"}],"about":[{"href":"https:\/\/bonjourbangui.com\/index.php\/wp-json\/wp\/v2\/types\/page"}],"author":[{"embeddable":true,"href":"https:\/\/bonjourbangui.com\/index.php\/wp-json\/wp\/v2\/users\/1"}],"replies":[{"embeddable":true,"href":"https:\/\/bonjourbangui.com\/index.php\/wp-json\/wp\/v2\/comments?post=174"}],"version-history":[{"count":3,"href":"https:\/\/bonjourbangui.com\/index.php\/wp-json\/wp\/v2\/pages\/174\/revisions"}],"predecessor-version":[{"id":192,"href":"https:\/\/bonjourbangui.com\/index.php\/wp-json\/wp\/v2\/pages\/174\/revisions\/192"}],"wp:attachment":[{"href":"https:\/\/bonjourbangui.com\/index.php\/wp-json\/wp\/v2\/media?parent=174"}],"curies":[{"name":"wp","href":"https:\/\/api.w.org\/{rel}","templated":true}]}}