{"id":193,"date":"2021-08-13T19:55:47","date_gmt":"2021-08-13T17:55:47","guid":{"rendered":"http:\/\/bonjourbangui.com\/?page_id=193"},"modified":"2021-08-13T19:55:47","modified_gmt":"2021-08-13T17:55:47","slug":"family-center","status":"publish","type":"page","link":"https:\/\/bonjourbangui.com\/index.php\/family-center\/","title":{"rendered":"FAMILY CENTER"},"content":{"rendered":"\n<p>DERRI\u00c8RE LE STADE BOGANDA 20 MILLES PLACESLE <a href=\"https:\/\/www.facebook.com\/hashtag\/family?__eep__=6&amp;__cft__[0]=AZVq_nxt6uefZPJhD5urdRQv4u2JMaVC_cSHc-RcUB3Ppletsa2T11GYQy3YaDswJcbYex9WdyxS2kuv61lwYKLWZKX-qOosTE2kIU5BSYne788ByR0ss-UyyFqDvyt0Duq8FZtSPJ-7FFMwgyHsWWprRBl3XJXENaqRWvTza5MJHQ&amp;__tn__=*NK-R\">#FAMILY<\/a><a href=\"https:\/\/www.facebook.com\/hashtag\/center?__eep__=6&amp;__cft__[0]=AZVq_nxt6uefZPJhD5urdRQv4u2JMaVC_cSHc-RcUB3Ppletsa2T11GYQy3YaDswJcbYex9WdyxS2kuv61lwYKLWZKX-qOosTE2kIU5BSYne788ByR0ss-UyyFqDvyt0Duq8FZtSPJ-7FFMwgyHsWWprRBl3XJXENaqRWvTza5MJHQ&amp;__tn__=*NK-R\">#CENTER<\/a> VOUS PROPOSE DES AIRS DE JEUX ET DES LOISIRS POUR ENFANTS, DES JEUX VID\u00c9O UN ENDROIT ID\u00c9AL POUR SE RETROUVER EN FAMILLE OU ENTRE AMIS POUR SE D\u00c9TENDRE ET SE DIVERTIR CR\u00c9EZ VOS PLUS BEAUX SOUVENIRS AU FAMILY CENTER<\/p>\n\n\n\n<p><img loading=\"lazy\" height=\"16\" width=\"16\" alt=\"\u260e\ufe0f\" src=\"https:\/\/static.xx.fbcdn.net\/images\/emoji.php\/v9\/ta9\/1.5\/16\/260e.png\">:75755555 ou 72728888<\/p>\n\n\n\n<figure class=\"wp-block-gallery columns-3 is-cropped\"><ul class=\"blocks-gallery-grid\"><li class=\"blocks-gallery-item\"><figure><img loading=\"lazy\" width=\"1008\" height=\"490\" src=\"http:\/\/bonjourbangui.com\/wp-content\/uploads\/2021\/08\/210771740_347219736896084_5418767774646495647_n.jpg\" alt=\"\" data-id=\"194\" data-full-url=\"http:\/\/bonjourbangui.com\/wp-content\/uploads\/2021\/08\/210771740_347219736896084_5418767774646495647_n.jpg\" data-link=\"http:\/\/bonjourbangui.com\/?attachment_id=194\" class=\"wp-image-194\" srcset=\"https:\/\/bonjourbangui.com\/wp-content\/uploads\/2021\/08\/210771740_347219736896084_5418767774646495647_n.jpg 1008w, https:\/\/bonjourbangui.com\/wp-content\/uploads\/2021\/08\/210771740_347219736896084_5418767774646495647_n-300x146.jpg 300w, https:\/\/bonjourbangui.com\/wp-content\/uploads\/2021\/08\/210771740_347219736896084_5418767774646495647_n-768x373.jpg 768w, https:\/\/bonjourbangui.com\/wp-content\/uploads\/2021\/08\/210771740_347219736896084_5418767774646495647_n-123x60.jpg 123w\" sizes=\"(max-width: 1008px) 100vw, 1008px\" \/><\/figure><\/li><li class=\"blocks-gallery-item\"><figure><img loading=\"lazy\" width=\"1008\" height=\"490\" src=\"http:\/\/bonjourbangui.com\/wp-content\/uploads\/2021\/08\/212020278_347219570229434_2191850040213828938_n.jpg\" alt=\"\" data-id=\"195\" data-full-url=\"http:\/\/bonjourbangui.com\/wp-content\/uploads\/2021\/08\/212020278_347219570229434_2191850040213828938_n.jpg\" data-link=\"http:\/\/bonjourbangui.com\/?attachment_id=195\" class=\"wp-image-195\" srcset=\"https:\/\/bonjourbangui.com\/wp-content\/uploads\/2021\/08\/212020278_347219570229434_2191850040213828938_n.jpg 1008w, https:\/\/bonjourbangui.com\/wp-content\/uploads\/2021\/08\/212020278_347219570229434_2191850040213828938_n-300x146.jpg 300w, https:\/\/bonjourbangui.com\/wp-content\/uploads\/2021\/08\/212020278_347219570229434_2191850040213828938_n-768x373.jpg 768w, https:\/\/bonjourbangui.com\/wp-content\/uploads\/2021\/08\/212020278_347219570229434_2191850040213828938_n-123x60.jpg 123w\" sizes=\"(max-width: 1008px) 100vw, 1008px\" \/><\/figure><\/li><li class=\"blocks-gallery-item\"><figure><img loading=\"lazy\" width=\"1008\" height=\"490\" src=\"http:\/\/bonjourbangui.com\/wp-content\/uploads\/2021\/08\/212937872_347219773562747_2667649393733371520_n.jpg\" alt=\"\" data-id=\"196\" data-full-url=\"http:\/\/bonjourbangui.com\/wp-content\/uploads\/2021\/08\/212937872_347219773562747_2667649393733371520_n.jpg\" data-link=\"http:\/\/bonjourbangui.com\/?attachment_id=196\" class=\"wp-image-196\" srcset=\"https:\/\/bonjourbangui.com\/wp-content\/uploads\/2021\/08\/212937872_347219773562747_2667649393733371520_n.jpg 1008w, https:\/\/bonjourbangui.com\/wp-content\/uploads\/2021\/08\/212937872_347219773562747_2667649393733371520_n-300x146.jpg 300w, https:\/\/bonjourbangui.com\/wp-content\/uploads\/2021\/08\/212937872_347219773562747_2667649393733371520_n-768x373.jpg 768w, https:\/\/bonjourbangui.com\/wp-content\/uploads\/2021\/08\/212937872_347219773562747_2667649393733371520_n-123x60.jpg 123w\" sizes=\"(max-width: 1008px) 100vw, 1008px\" \/><\/figure><\/li><li class=\"blocks-gallery-item\"><figure><img loading=\"lazy\" width=\"490\" height=\"1008\" src=\"http:\/\/bonjourbangui.com\/wp-content\/uploads\/2021\/08\/213070310_347219806896077_8276652614726970857_n.jpg\" alt=\"\" data-id=\"197\" data-full-url=\"http:\/\/bonjourbangui.com\/wp-content\/uploads\/2021\/08\/213070310_347219806896077_8276652614726970857_n.jpg\" data-link=\"http:\/\/bonjourbangui.com\/?attachment_id=197\" class=\"wp-image-197\" srcset=\"https:\/\/bonjourbangui.com\/wp-content\/uploads\/2021\/08\/213070310_347219806896077_8276652614726970857_n.jpg 490w, https:\/\/bonjourbangui.com\/wp-content\/uploads\/2021\/08\/213070310_347219806896077_8276652614726970857_n-146x300.jpg 146w, https:\/\/bonjourbangui.com\/wp-content\/uploads\/2021\/08\/213070310_347219806896077_8276652614726970857_n-29x60.jpg 29w\" sizes=\"(max-width: 490px) 100vw, 490px\" \/><\/figure><\/li><li class=\"blocks-gallery-item\"><figure><img loading=\"lazy\" width=\"1008\" height=\"490\" src=\"http:\/\/bonjourbangui.com\/wp-content\/uploads\/2021\/08\/213153768_347219630229428_4542309729292651945_n.jpg\" alt=\"\" data-id=\"198\" data-full-url=\"http:\/\/bonjourbangui.com\/wp-content\/uploads\/2021\/08\/213153768_347219630229428_4542309729292651945_n.jpg\" data-link=\"http:\/\/bonjourbangui.com\/?attachment_id=198\" class=\"wp-image-198\" srcset=\"https:\/\/bonjourbangui.com\/wp-content\/uploads\/2021\/08\/213153768_347219630229428_4542309729292651945_n.jpg 1008w, https:\/\/bonjourbangui.com\/wp-content\/uploads\/2021\/08\/213153768_347219630229428_4542309729292651945_n-300x146.jpg 300w, https:\/\/bonjourbangui.com\/wp-content\/uploads\/2021\/08\/213153768_347219630229428_4542309729292651945_n-768x373.jpg 768w, https:\/\/bonjourbangui.com\/wp-content\/uploads\/2021\/08\/213153768_347219630229428_4542309729292651945_n-123x60.jpg 123w\" sizes=\"(max-width: 1008px) 100vw, 1008px\" \/><\/figure><\/li><li class=\"blocks-gallery-item\"><figure><img loading=\"lazy\" width=\"1008\" height=\"490\" src=\"http:\/\/bonjourbangui.com\/wp-content\/uploads\/2021\/08\/213246573_347219660229425_7278357929517330861_n.jpg\" alt=\"\" data-id=\"199\" data-full-url=\"http:\/\/bonjourbangui.com\/wp-content\/uploads\/2021\/08\/213246573_347219660229425_7278357929517330861_n.jpg\" data-link=\"http:\/\/bonjourbangui.com\/?attachment_id=199\" class=\"wp-image-199\" srcset=\"https:\/\/bonjourbangui.com\/wp-content\/uploads\/2021\/08\/213246573_347219660229425_7278357929517330861_n.jpg 1008w, https:\/\/bonjourbangui.com\/wp-content\/uploads\/2021\/08\/213246573_347219660229425_7278357929517330861_n-300x146.jpg 300w, https:\/\/bonjourbangui.com\/wp-content\/uploads\/2021\/08\/213246573_347219660229425_7278357929517330861_n-768x373.jpg 768w, https:\/\/bonjourbangui.com\/wp-content\/uploads\/2021\/08\/213246573_347219660229425_7278357929517330861_n-123x60.jpg 123w\" sizes=\"(max-width: 1008px) 100vw, 1008px\" \/><\/figure><\/li><li class=\"blocks-gallery-item\"><figure><img loading=\"lazy\" width=\"1008\" height=\"490\" src=\"http:\/\/bonjourbangui.com\/wp-content\/uploads\/2021\/08\/213602539_347219850229406_825893918224928828_n.jpg\" alt=\"\" data-id=\"200\" data-full-url=\"http:\/\/bonjourbangui.com\/wp-content\/uploads\/2021\/08\/213602539_347219850229406_825893918224928828_n.jpg\" data-link=\"http:\/\/bonjourbangui.com\/?attachment_id=200\" class=\"wp-image-200\" srcset=\"https:\/\/bonjourbangui.com\/wp-content\/uploads\/2021\/08\/213602539_347219850229406_825893918224928828_n.jpg 1008w, https:\/\/bonjourbangui.com\/wp-content\/uploads\/2021\/08\/213602539_347219850229406_825893918224928828_n-300x146.jpg 300w, https:\/\/bonjourbangui.com\/wp-content\/uploads\/2021\/08\/213602539_347219850229406_825893918224928828_n-768x373.jpg 768w, https:\/\/bonjourbangui.com\/wp-content\/uploads\/2021\/08\/213602539_347219850229406_825893918224928828_n-123x60.jpg 123w\" sizes=\"(max-width: 1008px) 100vw, 1008px\" \/><\/figure><\/li><li class=\"blocks-gallery-item\"><figure><img loading=\"lazy\" width=\"1008\" height=\"490\" src=\"http:\/\/bonjourbangui.com\/wp-content\/uploads\/2021\/08\/213639484_347219700229421_2264198518078973559_n.jpg\" alt=\"\" data-id=\"201\" data-full-url=\"http:\/\/bonjourbangui.com\/wp-content\/uploads\/2021\/08\/213639484_347219700229421_2264198518078973559_n.jpg\" data-link=\"http:\/\/bonjourbangui.com\/?attachment_id=201\" class=\"wp-image-201\" srcset=\"https:\/\/bonjourbangui.com\/wp-content\/uploads\/2021\/08\/213639484_347219700229421_2264198518078973559_n.jpg 1008w, https:\/\/bonjourbangui.com\/wp-content\/uploads\/2021\/08\/213639484_347219700229421_2264198518078973559_n-300x146.jpg 300w, https:\/\/bonjourbangui.com\/wp-content\/uploads\/2021\/08\/213639484_347219700229421_2264198518078973559_n-768x373.jpg 768w, https:\/\/bonjourbangui.com\/wp-content\/uploads\/2021\/08\/213639484_347219700229421_2264198518078973559_n-123x60.jpg 123w\" sizes=\"(max-width: 1008px) 100vw, 1008px\" \/><\/figure><\/li><\/ul><\/figure>\n","protected":false},"excerpt":{"rendered":"<p>DERRI\u00c8RE LE STADE BOGANDA 20 MILLES PLACESLE #FAMILY#CENTER VOUS PROPOSE DES AIRS DE JEUX ET DES LOISIRS POUR ENFANTS, DES JEUX VID\u00c9O UN ENDROIT ID\u00c9AL POUR SE RETROUVER EN FAMILLE OU ENTRE AMIS POUR SE D\u00c9TENDRE ET SE DIVERTIR CR\u00c9EZ VOS PLUS BEAUX SOUVENIRS AU FAMILY CENTER :75755555 ou 72728888<\/p>\n","protected":false},"author":1,"featured_media":0,"parent":0,"menu_order":0,"comment_status":"closed","ping_status":"closed","template":"","meta":[],"_links":{"self":[{"href":"https:\/\/bonjourbangui.com\/index.php\/wp-json\/wp\/v2\/pages\/193"}],"collection":[{"href":"https:\/\/bonjourbangui.com\/index.php\/wp-json\/wp\/v2\/pages"}],"about":[{"href":"https:\/\/bonjourbangui.com\/index.php\/wp-json\/wp\/v2\/types\/page"}],"author":[{"embeddable":true,"href":"https:\/\/bonjourbangui.com\/index.php\/wp-json\/wp\/v2\/users\/1"}],"replies":[{"embeddable":true,"href":"https:\/\/bonjourbangui.com\/index.php\/wp-json\/wp\/v2\/comments?post=193"}],"version-history":[{"count":2,"href":"https:\/\/bonjourbangui.com\/index.php\/wp-json\/wp\/v2\/pages\/193\/revisions"}],"predecessor-version":[{"id":203,"href":"https:\/\/bonjourbangui.com\/index.php\/wp-json\/wp\/v2\/pages\/193\/revisions\/203"}],"wp:attachment":[{"href":"https:\/\/bonjourbangui.com\/index.php\/wp-json\/wp\/v2\/media?parent=193"}],"curies":[{"name":"wp","href":"https:\/\/api.w.org\/{rel}","templated":true}]}}