{"id":209,"date":"2021-08-13T20:11:14","date_gmt":"2021-08-13T18:11:14","guid":{"rendered":"http:\/\/bonjourbangui.com\/?page_id=209"},"modified":"2021-08-13T20:24:53","modified_gmt":"2021-08-13T18:24:53","slug":"residences-kpalongo","status":"publish","type":"page","link":"https:\/\/bonjourbangui.com\/index.php\/residences-kpalongo\/","title":{"rendered":"R\u00e9sidences Kpalongo"},"content":{"rendered":"\n<p>Un v\u00e9ritable havre de paix d\u00e9di\u00e9 au bien-\u00eatre de ses clients,Une invitation \u00e0 la d\u00e9tente \u00e0 deux pas de Bangui. <img loading=\"lazy\" height=\"16\" width=\"16\" alt=\"\ud83c\udf79\" src=\"https:\/\/static.xx.fbcdn.net\/images\/emoji.php\/v9\/t46\/1.5\/16\/1f379.png\"><img loading=\"lazy\" height=\"16\" width=\"16\" alt=\"\ud83e\udd42\" src=\"https:\/\/static.xx.fbcdn.net\/images\/emoji.php\/v9\/t68\/1.5\/16\/1f942.png\"><\/p>\n\n\n\n<p>R\u00e9servation<img loading=\"lazy\" height=\"16\" width=\"16\" alt=\"\u2935\ufe0f\" src=\"https:\/\/static.xx.fbcdn.net\/images\/emoji.php\/v9\/t19\/1.5\/16\/2935.png\">.<img loading=\"lazy\" height=\"16\" width=\"16\" alt=\"\u260e\ufe0f\" src=\"https:\/\/static.xx.fbcdn.net\/images\/emoji.php\/v9\/ta9\/1.5\/16\/260e.png\"> : 72 41 51 74<\/p>\n\n\n\n<p><img loading=\"lazy\" height=\"16\" width=\"16\" alt=\"\ud83d\udee3\" src=\"https:\/\/static.xx.fbcdn.net\/images\/emoji.php\/v9\/t95\/1.5\/16\/1f6e3.png\"> : Direction Mbaiki->PK9-> Suivre le panneau R\u00e9sidences<\/p>\n\n\n\n<figure class=\"wp-block-image size-large\"><img loading=\"lazy\" width=\"720\" height=\"360\" src=\"http:\/\/bonjourbangui.com\/wp-content\/uploads\/2021\/08\/118242311_174112567540136_5426304811974867717_n-1.jpg\" alt=\"\" class=\"wp-image-210\" srcset=\"https:\/\/bonjourbangui.com\/wp-content\/uploads\/2021\/08\/118242311_174112567540136_5426304811974867717_n-1.jpg 720w, https:\/\/bonjourbangui.com\/wp-content\/uploads\/2021\/08\/118242311_174112567540136_5426304811974867717_n-1-300x150.jpg 300w, https:\/\/bonjourbangui.com\/wp-content\/uploads\/2021\/08\/118242311_174112567540136_5426304811974867717_n-1-120x60.jpg 120w\" sizes=\"(max-width: 720px) 100vw, 720px\" \/><\/figure>\n\n\n\n<figure class=\"wp-block-gallery columns-3 is-cropped\"><ul class=\"blocks-gallery-grid\"><li class=\"blocks-gallery-item\"><figure><img loading=\"lazy\" width=\"720\" height=\"360\" src=\"http:\/\/bonjourbangui.com\/wp-content\/uploads\/2021\/08\/118231019_174112604206799_300571471742242943_n.jpg\" alt=\"\" data-id=\"211\" data-full-url=\"http:\/\/bonjourbangui.com\/wp-content\/uploads\/2021\/08\/118231019_174112604206799_300571471742242943_n.jpg\" data-link=\"http:\/\/bonjourbangui.com\/?attachment_id=211\" class=\"wp-image-211\" srcset=\"https:\/\/bonjourbangui.com\/wp-content\/uploads\/2021\/08\/118231019_174112604206799_300571471742242943_n.jpg 720w, https:\/\/bonjourbangui.com\/wp-content\/uploads\/2021\/08\/118231019_174112604206799_300571471742242943_n-300x150.jpg 300w, https:\/\/bonjourbangui.com\/wp-content\/uploads\/2021\/08\/118231019_174112604206799_300571471742242943_n-120x60.jpg 120w\" sizes=\"(max-width: 720px) 100vw, 720px\" \/><\/figure><\/li><li class=\"blocks-gallery-item\"><figure><img loading=\"lazy\" width=\"1024\" height=\"768\" src=\"http:\/\/bonjourbangui.com\/wp-content\/uploads\/2021\/08\/217945839_377565317133964_4483179809650901570_n-1024x768.jpg\" alt=\"\" data-id=\"212\" data-full-url=\"http:\/\/bonjourbangui.com\/wp-content\/uploads\/2021\/08\/217945839_377565317133964_4483179809650901570_n.jpg\" data-link=\"http:\/\/bonjourbangui.com\/?attachment_id=212\" class=\"wp-image-212\" srcset=\"https:\/\/bonjourbangui.com\/wp-content\/uploads\/2021\/08\/217945839_377565317133964_4483179809650901570_n-1024x768.jpg 1024w, https:\/\/bonjourbangui.com\/wp-content\/uploads\/2021\/08\/217945839_377565317133964_4483179809650901570_n-300x225.jpg 300w, https:\/\/bonjourbangui.com\/wp-content\/uploads\/2021\/08\/217945839_377565317133964_4483179809650901570_n-768x576.jpg 768w, https:\/\/bonjourbangui.com\/wp-content\/uploads\/2021\/08\/217945839_377565317133964_4483179809650901570_n-1536x1152.jpg 1536w, https:\/\/bonjourbangui.com\/wp-content\/uploads\/2021\/08\/217945839_377565317133964_4483179809650901570_n-80x60.jpg 80w, https:\/\/bonjourbangui.com\/wp-content\/uploads\/2021\/08\/217945839_377565317133964_4483179809650901570_n.jpg 2048w\" sizes=\"(max-width: 1024px) 100vw, 1024px\" \/><\/figure><\/li><li class=\"blocks-gallery-item\"><figure><img loading=\"lazy\" width=\"1024\" height=\"768\" src=\"http:\/\/bonjourbangui.com\/wp-content\/uploads\/2021\/08\/218128364_377564640467365_3073277712119491501_n-1024x768.jpg\" alt=\"\" data-id=\"213\" data-full-url=\"http:\/\/bonjourbangui.com\/wp-content\/uploads\/2021\/08\/218128364_377564640467365_3073277712119491501_n.jpg\" data-link=\"http:\/\/bonjourbangui.com\/?attachment_id=213\" class=\"wp-image-213\" srcset=\"https:\/\/bonjourbangui.com\/wp-content\/uploads\/2021\/08\/218128364_377564640467365_3073277712119491501_n-1024x768.jpg 1024w, https:\/\/bonjourbangui.com\/wp-content\/uploads\/2021\/08\/218128364_377564640467365_3073277712119491501_n-300x225.jpg 300w, https:\/\/bonjourbangui.com\/wp-content\/uploads\/2021\/08\/218128364_377564640467365_3073277712119491501_n-768x576.jpg 768w, https:\/\/bonjourbangui.com\/wp-content\/uploads\/2021\/08\/218128364_377564640467365_3073277712119491501_n-1536x1152.jpg 1536w, https:\/\/bonjourbangui.com\/wp-content\/uploads\/2021\/08\/218128364_377564640467365_3073277712119491501_n-80x60.jpg 80w, https:\/\/bonjourbangui.com\/wp-content\/uploads\/2021\/08\/218128364_377564640467365_3073277712119491501_n.jpg 2048w\" sizes=\"(max-width: 1024px) 100vw, 1024px\" \/><\/figure><\/li><li class=\"blocks-gallery-item\"><figure><img loading=\"lazy\" width=\"1024\" height=\"768\" src=\"http:\/\/bonjourbangui.com\/wp-content\/uploads\/2021\/08\/219514762_377564707134025_3975129686598760702_n-1024x768.jpg\" alt=\"\" data-id=\"214\" data-full-url=\"http:\/\/bonjourbangui.com\/wp-content\/uploads\/2021\/08\/219514762_377564707134025_3975129686598760702_n.jpg\" data-link=\"http:\/\/bonjourbangui.com\/?attachment_id=214\" class=\"wp-image-214\" srcset=\"https:\/\/bonjourbangui.com\/wp-content\/uploads\/2021\/08\/219514762_377564707134025_3975129686598760702_n-1024x768.jpg 1024w, https:\/\/bonjourbangui.com\/wp-content\/uploads\/2021\/08\/219514762_377564707134025_3975129686598760702_n-300x225.jpg 300w, https:\/\/bonjourbangui.com\/wp-content\/uploads\/2021\/08\/219514762_377564707134025_3975129686598760702_n-768x576.jpg 768w, https:\/\/bonjourbangui.com\/wp-content\/uploads\/2021\/08\/219514762_377564707134025_3975129686598760702_n-1536x1152.jpg 1536w, https:\/\/bonjourbangui.com\/wp-content\/uploads\/2021\/08\/219514762_377564707134025_3975129686598760702_n-80x60.jpg 80w, https:\/\/bonjourbangui.com\/wp-content\/uploads\/2021\/08\/219514762_377564707134025_3975129686598760702_n.jpg 2048w\" sizes=\"(max-width: 1024px) 100vw, 1024px\" \/><\/figure><\/li><li class=\"blocks-gallery-item\"><figure><img loading=\"lazy\" width=\"1024\" height=\"768\" src=\"http:\/\/bonjourbangui.com\/wp-content\/uploads\/2021\/08\/219727592_377564913800671_6561195840472488120_n-1-1024x768.jpg\" alt=\"\" data-id=\"216\" data-full-url=\"http:\/\/bonjourbangui.com\/wp-content\/uploads\/2021\/08\/219727592_377564913800671_6561195840472488120_n-1.jpg\" data-link=\"http:\/\/bonjourbangui.com\/index.php\/residences-kpalongo\/219727592_377564913800671_6561195840472488120_n-1\/\" class=\"wp-image-216\" srcset=\"https:\/\/bonjourbangui.com\/wp-content\/uploads\/2021\/08\/219727592_377564913800671_6561195840472488120_n-1-1024x768.jpg 1024w, https:\/\/bonjourbangui.com\/wp-content\/uploads\/2021\/08\/219727592_377564913800671_6561195840472488120_n-1-300x225.jpg 300w, https:\/\/bonjourbangui.com\/wp-content\/uploads\/2021\/08\/219727592_377564913800671_6561195840472488120_n-1-768x576.jpg 768w, https:\/\/bonjourbangui.com\/wp-content\/uploads\/2021\/08\/219727592_377564913800671_6561195840472488120_n-1-1536x1152.jpg 1536w, https:\/\/bonjourbangui.com\/wp-content\/uploads\/2021\/08\/219727592_377564913800671_6561195840472488120_n-1-80x60.jpg 80w, https:\/\/bonjourbangui.com\/wp-content\/uploads\/2021\/08\/219727592_377564913800671_6561195840472488120_n-1.jpg 2048w\" sizes=\"(max-width: 1024px) 100vw, 1024px\" \/><\/figure><\/li><li class=\"blocks-gallery-item\"><figure><img loading=\"lazy\" width=\"1024\" height=\"768\" src=\"http:\/\/bonjourbangui.com\/wp-content\/uploads\/2021\/08\/219727592_377564913800671_6561195840472488120_n-2-1024x768.jpg\" alt=\"\" data-id=\"217\" data-full-url=\"http:\/\/bonjourbangui.com\/wp-content\/uploads\/2021\/08\/219727592_377564913800671_6561195840472488120_n-2.jpg\" data-link=\"http:\/\/bonjourbangui.com\/index.php\/residences-kpalongo\/219727592_377564913800671_6561195840472488120_n-2\/\" class=\"wp-image-217\" srcset=\"https:\/\/bonjourbangui.com\/wp-content\/uploads\/2021\/08\/219727592_377564913800671_6561195840472488120_n-2-1024x768.jpg 1024w, https:\/\/bonjourbangui.com\/wp-content\/uploads\/2021\/08\/219727592_377564913800671_6561195840472488120_n-2-300x225.jpg 300w, https:\/\/bonjourbangui.com\/wp-content\/uploads\/2021\/08\/219727592_377564913800671_6561195840472488120_n-2-768x576.jpg 768w, https:\/\/bonjourbangui.com\/wp-content\/uploads\/2021\/08\/219727592_377564913800671_6561195840472488120_n-2-1536x1152.jpg 1536w, https:\/\/bonjourbangui.com\/wp-content\/uploads\/2021\/08\/219727592_377564913800671_6561195840472488120_n-2-80x60.jpg 80w, https:\/\/bonjourbangui.com\/wp-content\/uploads\/2021\/08\/219727592_377564913800671_6561195840472488120_n-2.jpg 2048w\" sizes=\"(max-width: 1024px) 100vw, 1024px\" \/><\/figure><\/li><li class=\"blocks-gallery-item\"><figure><img loading=\"lazy\" width=\"960\" height=\"720\" src=\"http:\/\/bonjourbangui.com\/wp-content\/uploads\/2021\/08\/220209310_377564667134029_289121489353491416_n.jpg\" alt=\"\" data-id=\"218\" data-full-url=\"http:\/\/bonjourbangui.com\/wp-content\/uploads\/2021\/08\/220209310_377564667134029_289121489353491416_n.jpg\" data-link=\"http:\/\/bonjourbangui.com\/index.php\/residences-kpalongo\/220209310_377564667134029_289121489353491416_n\/\" class=\"wp-image-218\" srcset=\"https:\/\/bonjourbangui.com\/wp-content\/uploads\/2021\/08\/220209310_377564667134029_289121489353491416_n.jpg 960w, https:\/\/bonjourbangui.com\/wp-content\/uploads\/2021\/08\/220209310_377564667134029_289121489353491416_n-300x225.jpg 300w, https:\/\/bonjourbangui.com\/wp-content\/uploads\/2021\/08\/220209310_377564667134029_289121489353491416_n-768x576.jpg 768w, https:\/\/bonjourbangui.com\/wp-content\/uploads\/2021\/08\/220209310_377564667134029_289121489353491416_n-80x60.jpg 80w\" sizes=\"(max-width: 960px) 100vw, 960px\" \/><\/figure><\/li><li class=\"blocks-gallery-item\"><figure><img loading=\"lazy\" width=\"1024\" height=\"768\" src=\"http:\/\/bonjourbangui.com\/wp-content\/uploads\/2021\/08\/220424788_377564797134016_2416514587965819806_n-1024x768.jpg\" alt=\"\" data-id=\"219\" data-full-url=\"http:\/\/bonjourbangui.com\/wp-content\/uploads\/2021\/08\/220424788_377564797134016_2416514587965819806_n.jpg\" data-link=\"http:\/\/bonjourbangui.com\/index.php\/residences-kpalongo\/220424788_377564797134016_2416514587965819806_n\/\" class=\"wp-image-219\" srcset=\"https:\/\/bonjourbangui.com\/wp-content\/uploads\/2021\/08\/220424788_377564797134016_2416514587965819806_n-1024x768.jpg 1024w, https:\/\/bonjourbangui.com\/wp-content\/uploads\/2021\/08\/220424788_377564797134016_2416514587965819806_n-300x225.jpg 300w, https:\/\/bonjourbangui.com\/wp-content\/uploads\/2021\/08\/220424788_377564797134016_2416514587965819806_n-768x576.jpg 768w, https:\/\/bonjourbangui.com\/wp-content\/uploads\/2021\/08\/220424788_377564797134016_2416514587965819806_n-1536x1152.jpg 1536w, https:\/\/bonjourbangui.com\/wp-content\/uploads\/2021\/08\/220424788_377564797134016_2416514587965819806_n-80x60.jpg 80w, https:\/\/bonjourbangui.com\/wp-content\/uploads\/2021\/08\/220424788_377564797134016_2416514587965819806_n.jpg 2048w\" sizes=\"(max-width: 1024px) 100vw, 1024px\" \/><\/figure><\/li><li class=\"blocks-gallery-item\"><figure><img loading=\"lazy\" width=\"1024\" height=\"768\" src=\"http:\/\/bonjourbangui.com\/wp-content\/uploads\/2021\/08\/220780456_377565920467237_6445421637163844599_n-1024x768.jpg\" alt=\"\" data-id=\"220\" data-full-url=\"http:\/\/bonjourbangui.com\/wp-content\/uploads\/2021\/08\/220780456_377565920467237_6445421637163844599_n.jpg\" data-link=\"http:\/\/bonjourbangui.com\/index.php\/residences-kpalongo\/220780456_377565920467237_6445421637163844599_n\/\" class=\"wp-image-220\" srcset=\"https:\/\/bonjourbangui.com\/wp-content\/uploads\/2021\/08\/220780456_377565920467237_6445421637163844599_n-1024x768.jpg 1024w, https:\/\/bonjourbangui.com\/wp-content\/uploads\/2021\/08\/220780456_377565920467237_6445421637163844599_n-300x225.jpg 300w, https:\/\/bonjourbangui.com\/wp-content\/uploads\/2021\/08\/220780456_377565920467237_6445421637163844599_n-768x576.jpg 768w, https:\/\/bonjourbangui.com\/wp-content\/uploads\/2021\/08\/220780456_377565920467237_6445421637163844599_n-1536x1152.jpg 1536w, https:\/\/bonjourbangui.com\/wp-content\/uploads\/2021\/08\/220780456_377565920467237_6445421637163844599_n-80x60.jpg 80w, https:\/\/bonjourbangui.com\/wp-content\/uploads\/2021\/08\/220780456_377565920467237_6445421637163844599_n.jpg 2048w\" sizes=\"(max-width: 1024px) 100vw, 1024px\" \/><\/figure><\/li><li class=\"blocks-gallery-item\"><figure><img loading=\"lazy\" width=\"1024\" height=\"768\" src=\"http:\/\/bonjourbangui.com\/wp-content\/uploads\/2021\/08\/221885534_377564810467348_7938851831824696076_n-1024x768.jpg\" alt=\"\" data-id=\"221\" data-full-url=\"http:\/\/bonjourbangui.com\/wp-content\/uploads\/2021\/08\/221885534_377564810467348_7938851831824696076_n.jpg\" data-link=\"http:\/\/bonjourbangui.com\/index.php\/residences-kpalongo\/221885534_377564810467348_7938851831824696076_n\/\" class=\"wp-image-221\" srcset=\"https:\/\/bonjourbangui.com\/wp-content\/uploads\/2021\/08\/221885534_377564810467348_7938851831824696076_n-1024x768.jpg 1024w, https:\/\/bonjourbangui.com\/wp-content\/uploads\/2021\/08\/221885534_377564810467348_7938851831824696076_n-300x225.jpg 300w, https:\/\/bonjourbangui.com\/wp-content\/uploads\/2021\/08\/221885534_377564810467348_7938851831824696076_n-768x576.jpg 768w, https:\/\/bonjourbangui.com\/wp-content\/uploads\/2021\/08\/221885534_377564810467348_7938851831824696076_n-1536x1152.jpg 1536w, https:\/\/bonjourbangui.com\/wp-content\/uploads\/2021\/08\/221885534_377564810467348_7938851831824696076_n-80x60.jpg 80w, https:\/\/bonjourbangui.com\/wp-content\/uploads\/2021\/08\/221885534_377564810467348_7938851831824696076_n.jpg 2048w\" sizes=\"(max-width: 1024px) 100vw, 1024px\" \/><\/figure><\/li><\/ul><\/figure>\n","protected":false},"excerpt":{"rendered":"<p>Un v\u00e9ritable havre de paix d\u00e9di\u00e9 au bien-\u00eatre de ses clients,Une invitation \u00e0 la d\u00e9tente \u00e0 deux pas de Bangui. R\u00e9servation. : 72 41 51 74 : Direction Mbaiki->PK9-> Suivre le panneau R\u00e9sidences<\/p>\n","protected":false},"author":1,"featured_media":0,"parent":0,"menu_order":0,"comment_status":"closed","ping_status":"closed","template":"","meta":[],"_links":{"self":[{"href":"https:\/\/bonjourbangui.com\/index.php\/wp-json\/wp\/v2\/pages\/209"}],"collection":[{"href":"https:\/\/bonjourbangui.com\/index.php\/wp-json\/wp\/v2\/pages"}],"about":[{"href":"https:\/\/bonjourbangui.com\/index.php\/wp-json\/wp\/v2\/types\/page"}],"author":[{"embeddable":true,"href":"https:\/\/bonjourbangui.com\/index.php\/wp-json\/wp\/v2\/users\/1"}],"replies":[{"embeddable":true,"href":"https:\/\/bonjourbangui.com\/index.php\/wp-json\/wp\/v2\/comments?post=209"}],"version-history":[{"count":3,"href":"https:\/\/bonjourbangui.com\/index.php\/wp-json\/wp\/v2\/pages\/209\/revisions"}],"predecessor-version":[{"id":228,"href":"https:\/\/bonjourbangui.com\/index.php\/wp-json\/wp\/v2\/pages\/209\/revisions\/228"}],"wp:attachment":[{"href":"https:\/\/bonjourbangui.com\/index.php\/wp-json\/wp\/v2\/media?parent=209"}],"curies":[{"name":"wp","href":"https:\/\/api.w.org\/{rel}","templated":true}]}}