{"id":272,"date":"2021-08-21T14:54:11","date_gmt":"2021-08-21T12:54:11","guid":{"rendered":"http:\/\/bonjourbangui.com\/?page_id=272"},"modified":"2021-08-21T14:54:11","modified_gmt":"2021-08-21T12:54:11","slug":"etablissement-les-4-jumeaux","status":"publish","type":"page","link":"https:\/\/bonjourbangui.com\/index.php\/etablissement-les-4-jumeaux\/","title":{"rendered":"\u00c9tablissement les 4 jumeaux"},"content":{"rendered":"\n<p>\u00c9tablissement les 4 jumeaux est un \u00e9tablissement nouvellement cr\u00e9\u00e9 par l&#8217;entrepreneur Marina Estelle KAZIMO pour apporter de l&#8217;excellence, de la joie et de la saveur \u00e0 vos c\u00e9r\u00e9monies de mariage, d&#8217;anniversaire, de bapt\u00eame, vos r\u00e9unions de travail, vos s\u00e9ances de formation etc..<\/p>\n\n\n\n<p>L&#8217;\u00e9tablissement met \u00e0 la disposition de grand public nombre de services tel que : <\/p>\n\n\n\n<ul id=\"block-4de5c489-5d43-4ecb-ad11-8ea8cc5b75e4\"><li>Service : Apr\u00e8s Matanga<\/li><li>Service: Fillesd&#8217;acceuil<\/li><li>Service : Traiteur<\/li><li>Service : D\u00e9coration de salle<\/li><li>Service : Location de mat\u00e9riel de sonorisation<\/li><li>Service : Make up<\/li><\/ul>\n\n\n\n<p><a href=\"https:\/\/www.facebook.com\/hashtag\/localisation?__eep__=6&amp;__cft__[0]=AZUvcDQW1MbOvaer5QWLA1Y4MN1-kOnTTfRrexPciTU4eVA06T2KtJIyBCorOBpmfFgQ89r0YYEC3_WsFPtMbrBOfBp2S-qGBbX_hvxS5arvezySX0m7cqY4UmeofsVTFMgU7tyVo9Fj5QAIP8raVxkUgay4TT9h3vmNTuaGx9ApaA&amp;__tn__=*NK-R\">#Localisation<\/a> : Bimbo sise rue GEBO<img loading=\"lazy\" height=\"16\" width=\"16\" alt=\"\u260e\ufe0f\" src=\"https:\/\/static.xx.fbcdn.net\/images\/emoji.php\/v9\/ta9\/1.5\/16\/260e.png\">: 236 75239857 \/ 72155193<img loading=\"lazy\" height=\"16\" width=\"16\" alt=\"\u260e\ufe0f\" src=\"https:\/\/static.xx.fbcdn.net\/images\/emoji.php\/v9\/ta9\/1.5\/16\/260e.png\">: 236 75581737 \/ 72721581@ : kazimokongboc@gmail.com @ : kmarinaestelle@gmail.com<\/p>\n\n\n\n<figure class=\"wp-block-gallery columns-3 is-cropped\"><ul class=\"blocks-gallery-grid\"><li class=\"blocks-gallery-item\"><figure><img loading=\"lazy\" width=\"544\" height=\"911\" src=\"http:\/\/bonjourbangui.com\/wp-content\/uploads\/2021\/08\/237697579_376062164011841_6630009026332981284_n.jpg\" alt=\"\" data-id=\"273\" data-full-url=\"http:\/\/bonjourbangui.com\/wp-content\/uploads\/2021\/08\/237697579_376062164011841_6630009026332981284_n.jpg\" data-link=\"http:\/\/bonjourbangui.com\/?attachment_id=273\" class=\"wp-image-273\" srcset=\"https:\/\/bonjourbangui.com\/wp-content\/uploads\/2021\/08\/237697579_376062164011841_6630009026332981284_n.jpg 544w, https:\/\/bonjourbangui.com\/wp-content\/uploads\/2021\/08\/237697579_376062164011841_6630009026332981284_n-179x300.jpg 179w, https:\/\/bonjourbangui.com\/wp-content\/uploads\/2021\/08\/237697579_376062164011841_6630009026332981284_n-36x60.jpg 36w\" sizes=\"(max-width: 544px) 100vw, 544px\" \/><\/figure><\/li><li class=\"blocks-gallery-item\"><figure><img loading=\"lazy\" width=\"544\" height=\"902\" src=\"http:\/\/bonjourbangui.com\/wp-content\/uploads\/2021\/08\/239020514_376062264011831_6247948886888047804_n.jpg\" alt=\"\" data-id=\"274\" data-full-url=\"http:\/\/bonjourbangui.com\/wp-content\/uploads\/2021\/08\/239020514_376062264011831_6247948886888047804_n.jpg\" data-link=\"http:\/\/bonjourbangui.com\/?attachment_id=274\" class=\"wp-image-274\" srcset=\"https:\/\/bonjourbangui.com\/wp-content\/uploads\/2021\/08\/239020514_376062264011831_6247948886888047804_n.jpg 544w, https:\/\/bonjourbangui.com\/wp-content\/uploads\/2021\/08\/239020514_376062264011831_6247948886888047804_n-181x300.jpg 181w, https:\/\/bonjourbangui.com\/wp-content\/uploads\/2021\/08\/239020514_376062264011831_6247948886888047804_n-36x60.jpg 36w\" sizes=\"(max-width: 544px) 100vw, 544px\" \/><\/figure><\/li><li class=\"blocks-gallery-item\"><figure><img loading=\"lazy\" width=\"544\" height=\"911\" src=\"http:\/\/bonjourbangui.com\/wp-content\/uploads\/2021\/08\/239137597_376062144011843_6651746609474049094_n.jpg\" alt=\"\" data-id=\"275\" data-full-url=\"http:\/\/bonjourbangui.com\/wp-content\/uploads\/2021\/08\/239137597_376062144011843_6651746609474049094_n.jpg\" data-link=\"http:\/\/bonjourbangui.com\/?attachment_id=275\" class=\"wp-image-275\" srcset=\"https:\/\/bonjourbangui.com\/wp-content\/uploads\/2021\/08\/239137597_376062144011843_6651746609474049094_n.jpg 544w, https:\/\/bonjourbangui.com\/wp-content\/uploads\/2021\/08\/239137597_376062144011843_6651746609474049094_n-179x300.jpg 179w, https:\/\/bonjourbangui.com\/wp-content\/uploads\/2021\/08\/239137597_376062144011843_6651746609474049094_n-36x60.jpg 36w\" sizes=\"(max-width: 544px) 100vw, 544px\" \/><\/figure><\/li><li class=\"blocks-gallery-item\"><figure><img loading=\"lazy\" width=\"720\" height=\"301\" src=\"http:\/\/bonjourbangui.com\/wp-content\/uploads\/2021\/08\/240041558_376062230678501_6063803241030521590_n.jpg\" alt=\"\" data-id=\"276\" data-full-url=\"http:\/\/bonjourbangui.com\/wp-content\/uploads\/2021\/08\/240041558_376062230678501_6063803241030521590_n.jpg\" data-link=\"http:\/\/bonjourbangui.com\/?attachment_id=276\" class=\"wp-image-276\" srcset=\"https:\/\/bonjourbangui.com\/wp-content\/uploads\/2021\/08\/240041558_376062230678501_6063803241030521590_n.jpg 720w, https:\/\/bonjourbangui.com\/wp-content\/uploads\/2021\/08\/240041558_376062230678501_6063803241030521590_n-300x125.jpg 300w, https:\/\/bonjourbangui.com\/wp-content\/uploads\/2021\/08\/240041558_376062230678501_6063803241030521590_n-144x60.jpg 144w\" sizes=\"(max-width: 720px) 100vw, 720px\" \/><\/figure><\/li><\/ul><\/figure>\n","protected":false},"excerpt":{"rendered":"<p>\u00c9tablissement les 4 jumeaux est un \u00e9tablissement nouvellement cr\u00e9\u00e9 par l&#8217;entrepreneur Marina Estelle KAZIMO pour apporter de l&#8217;excellence, de la joie et de la saveur \u00e0 vos c\u00e9r\u00e9monies de mariage, d&#8217;anniversaire, de bapt\u00eame, vos r\u00e9unions de travail, vos s\u00e9ances de formation etc.. L&#8217;\u00e9tablissement met \u00e0 la disposition de grand public nombre de services tel que &hellip; <\/p>\n","protected":false},"author":1,"featured_media":0,"parent":0,"menu_order":0,"comment_status":"closed","ping_status":"closed","template":"","meta":[],"_links":{"self":[{"href":"https:\/\/bonjourbangui.com\/index.php\/wp-json\/wp\/v2\/pages\/272"}],"collection":[{"href":"https:\/\/bonjourbangui.com\/index.php\/wp-json\/wp\/v2\/pages"}],"about":[{"href":"https:\/\/bonjourbangui.com\/index.php\/wp-json\/wp\/v2\/types\/page"}],"author":[{"embeddable":true,"href":"https:\/\/bonjourbangui.com\/index.php\/wp-json\/wp\/v2\/users\/1"}],"replies":[{"embeddable":true,"href":"https:\/\/bonjourbangui.com\/index.php\/wp-json\/wp\/v2\/comments?post=272"}],"version-history":[{"count":1,"href":"https:\/\/bonjourbangui.com\/index.php\/wp-json\/wp\/v2\/pages\/272\/revisions"}],"predecessor-version":[{"id":277,"href":"https:\/\/bonjourbangui.com\/index.php\/wp-json\/wp\/v2\/pages\/272\/revisions\/277"}],"wp:attachment":[{"href":"https:\/\/bonjourbangui.com\/index.php\/wp-json\/wp\/v2\/media?parent=272"}],"curies":[{"name":"wp","href":"https:\/\/api.w.org\/{rel}","templated":true}]}}