{"id":309,"date":"2021-08-26T15:37:07","date_gmt":"2021-08-26T13:37:07","guid":{"rendered":"http:\/\/bonjourbangui.com\/?page_id=309"},"modified":"2021-08-26T15:43:40","modified_gmt":"2021-08-26T13:43:40","slug":"restaurant-akwaba","status":"publish","type":"page","link":"https:\/\/bonjourbangui.com\/index.php\/restaurant-akwaba\/","title":{"rendered":"Restaurant AKWABA"},"content":{"rendered":"\n<p>Restaurant AKWABA<\/p>\n\n\n\n<p>Habitants de sica 1 et environ, le Restaurant Akwaba vous souhaite la bienvenue. Venez d\u00e9couvrir nos plats et sp\u00e9cialit\u00e9s.<\/p>\n\n\n\n<p>Localisation : Sica 1 vers le minist\u00e8re de la D\u00e9fense<\/p>\n\n\n\n<p>Contacts: 72 07 18 08 \/ 72 44 00 80<\/p>\n\n\n\n<figure class=\"wp-block-gallery columns-4 is-cropped\"><ul class=\"blocks-gallery-grid\"><li class=\"blocks-gallery-item\"><figure><img loading=\"lazy\" width=\"545\" height=\"1024\" src=\"http:\/\/bonjourbangui.com\/wp-content\/uploads\/2021\/08\/236408808_379625236988867_7416225920816708276_n-545x1024.jpg\" alt=\"\" data-id=\"310\" data-full-url=\"http:\/\/bonjourbangui.com\/wp-content\/uploads\/2021\/08\/236408808_379625236988867_7416225920816708276_n.jpg\" data-link=\"http:\/\/bonjourbangui.com\/?attachment_id=310\" class=\"wp-image-310\" srcset=\"https:\/\/bonjourbangui.com\/wp-content\/uploads\/2021\/08\/236408808_379625236988867_7416225920816708276_n-545x1024.jpg 545w, https:\/\/bonjourbangui.com\/wp-content\/uploads\/2021\/08\/236408808_379625236988867_7416225920816708276_n-160x300.jpg 160w, https:\/\/bonjourbangui.com\/wp-content\/uploads\/2021\/08\/236408808_379625236988867_7416225920816708276_n-32x60.jpg 32w, https:\/\/bonjourbangui.com\/wp-content\/uploads\/2021\/08\/236408808_379625236988867_7416225920816708276_n.jpg 710w\" sizes=\"(max-width: 545px) 100vw, 545px\" \/><\/figure><\/li><li class=\"blocks-gallery-item\"><figure><img loading=\"lazy\" width=\"720\" height=\"855\" src=\"http:\/\/bonjourbangui.com\/wp-content\/uploads\/2021\/08\/239422575_379625180322206_438663512229368643_n.jpg\" alt=\"\" data-id=\"311\" data-full-url=\"http:\/\/bonjourbangui.com\/wp-content\/uploads\/2021\/08\/239422575_379625180322206_438663512229368643_n.jpg\" data-link=\"http:\/\/bonjourbangui.com\/?attachment_id=311\" class=\"wp-image-311\" srcset=\"https:\/\/bonjourbangui.com\/wp-content\/uploads\/2021\/08\/239422575_379625180322206_438663512229368643_n.jpg 720w, https:\/\/bonjourbangui.com\/wp-content\/uploads\/2021\/08\/239422575_379625180322206_438663512229368643_n-253x300.jpg 253w, https:\/\/bonjourbangui.com\/wp-content\/uploads\/2021\/08\/239422575_379625180322206_438663512229368643_n-51x60.jpg 51w\" sizes=\"(max-width: 720px) 100vw, 720px\" \/><\/figure><\/li><li class=\"blocks-gallery-item\"><figure><img loading=\"lazy\" width=\"480\" height=\"960\" src=\"http:\/\/bonjourbangui.com\/wp-content\/uploads\/2021\/08\/240272178_379625156988875_5592310713901004747_n.jpg\" alt=\"\" data-id=\"312\" data-full-url=\"http:\/\/bonjourbangui.com\/wp-content\/uploads\/2021\/08\/240272178_379625156988875_5592310713901004747_n.jpg\" data-link=\"http:\/\/bonjourbangui.com\/?attachment_id=312\" class=\"wp-image-312\" srcset=\"https:\/\/bonjourbangui.com\/wp-content\/uploads\/2021\/08\/240272178_379625156988875_5592310713901004747_n.jpg 480w, https:\/\/bonjourbangui.com\/wp-content\/uploads\/2021\/08\/240272178_379625156988875_5592310713901004747_n-150x300.jpg 150w, https:\/\/bonjourbangui.com\/wp-content\/uploads\/2021\/08\/240272178_379625156988875_5592310713901004747_n-30x60.jpg 30w\" sizes=\"(max-width: 480px) 100vw, 480px\" \/><\/figure><\/li><li class=\"blocks-gallery-item\"><figure><img loading=\"lazy\" width=\"395\" height=\"1024\" src=\"http:\/\/bonjourbangui.com\/wp-content\/uploads\/2021\/08\/240656926_379625093655548_6617836886413056414_n-395x1024.jpg\" alt=\"\" data-id=\"313\" data-full-url=\"http:\/\/bonjourbangui.com\/wp-content\/uploads\/2021\/08\/240656926_379625093655548_6617836886413056414_n.jpg\" data-link=\"http:\/\/bonjourbangui.com\/?attachment_id=313\" class=\"wp-image-313\" srcset=\"https:\/\/bonjourbangui.com\/wp-content\/uploads\/2021\/08\/240656926_379625093655548_6617836886413056414_n-395x1024.jpg 395w, https:\/\/bonjourbangui.com\/wp-content\/uploads\/2021\/08\/240656926_379625093655548_6617836886413056414_n-116x300.jpg 116w, https:\/\/bonjourbangui.com\/wp-content\/uploads\/2021\/08\/240656926_379625093655548_6617836886413056414_n-23x60.jpg 23w, https:\/\/bonjourbangui.com\/wp-content\/uploads\/2021\/08\/240656926_379625093655548_6617836886413056414_n.jpg 417w\" sizes=\"(max-width: 395px) 100vw, 395px\" \/><\/figure><\/li><li class=\"blocks-gallery-item\"><figure><img loading=\"lazy\" width=\"639\" height=\"1024\" src=\"http:\/\/bonjourbangui.com\/wp-content\/uploads\/2021\/08\/240677694_379625113655546_777650397395464708_n-639x1024.jpg\" alt=\"\" data-id=\"314\" data-full-url=\"http:\/\/bonjourbangui.com\/wp-content\/uploads\/2021\/08\/240677694_379625113655546_777650397395464708_n.jpg\" data-link=\"http:\/\/bonjourbangui.com\/?attachment_id=314\" class=\"wp-image-314\" srcset=\"https:\/\/bonjourbangui.com\/wp-content\/uploads\/2021\/08\/240677694_379625113655546_777650397395464708_n-639x1024.jpg 639w, https:\/\/bonjourbangui.com\/wp-content\/uploads\/2021\/08\/240677694_379625113655546_777650397395464708_n-187x300.jpg 187w, https:\/\/bonjourbangui.com\/wp-content\/uploads\/2021\/08\/240677694_379625113655546_777650397395464708_n-37x60.jpg 37w, https:\/\/bonjourbangui.com\/wp-content\/uploads\/2021\/08\/240677694_379625113655546_777650397395464708_n.jpg 720w\" sizes=\"(max-width: 639px) 100vw, 639px\" \/><\/figure><\/li><li class=\"blocks-gallery-item\"><figure><img loading=\"lazy\" width=\"540\" height=\"960\" src=\"http:\/\/bonjourbangui.com\/wp-content\/uploads\/2021\/08\/240732635_379625253655532_8874781675429454434_n.jpg\" alt=\"\" data-id=\"315\" data-full-url=\"http:\/\/bonjourbangui.com\/wp-content\/uploads\/2021\/08\/240732635_379625253655532_8874781675429454434_n.jpg\" data-link=\"http:\/\/bonjourbangui.com\/?attachment_id=315\" class=\"wp-image-315\" srcset=\"https:\/\/bonjourbangui.com\/wp-content\/uploads\/2021\/08\/240732635_379625253655532_8874781675429454434_n.jpg 540w, https:\/\/bonjourbangui.com\/wp-content\/uploads\/2021\/08\/240732635_379625253655532_8874781675429454434_n-169x300.jpg 169w, https:\/\/bonjourbangui.com\/wp-content\/uploads\/2021\/08\/240732635_379625253655532_8874781675429454434_n-34x60.jpg 34w\" sizes=\"(max-width: 540px) 100vw, 540px\" \/><\/figure><\/li><li class=\"blocks-gallery-item\"><figure><img loading=\"lazy\" width=\"673\" height=\"1024\" src=\"http:\/\/bonjourbangui.com\/wp-content\/uploads\/2021\/08\/240786417_379625313655526_50740882192990425_n-673x1024.jpg\" alt=\"\" data-id=\"316\" data-full-url=\"http:\/\/bonjourbangui.com\/wp-content\/uploads\/2021\/08\/240786417_379625313655526_50740882192990425_n.jpg\" data-link=\"http:\/\/bonjourbangui.com\/?attachment_id=316\" class=\"wp-image-316\" srcset=\"https:\/\/bonjourbangui.com\/wp-content\/uploads\/2021\/08\/240786417_379625313655526_50740882192990425_n-673x1024.jpg 673w, https:\/\/bonjourbangui.com\/wp-content\/uploads\/2021\/08\/240786417_379625313655526_50740882192990425_n-197x300.jpg 197w, https:\/\/bonjourbangui.com\/wp-content\/uploads\/2021\/08\/240786417_379625313655526_50740882192990425_n-39x60.jpg 39w, https:\/\/bonjourbangui.com\/wp-content\/uploads\/2021\/08\/240786417_379625313655526_50740882192990425_n.jpg 720w\" sizes=\"(max-width: 673px) 100vw, 673px\" \/><\/figure><\/li><\/ul><\/figure>\n","protected":false},"excerpt":{"rendered":"<p>Restaurant AKWABA Habitants de sica 1 et environ, le Restaurant Akwaba vous souhaite la bienvenue. Venez d\u00e9couvrir nos plats et sp\u00e9cialit\u00e9s. Localisation : Sica 1 vers le minist\u00e8re de la D\u00e9fense Contacts: 72 07 18 08 \/ 72 44 00 80<\/p>\n","protected":false},"author":1,"featured_media":0,"parent":0,"menu_order":0,"comment_status":"closed","ping_status":"closed","template":"","meta":[],"_links":{"self":[{"href":"https:\/\/bonjourbangui.com\/index.php\/wp-json\/wp\/v2\/pages\/309"}],"collection":[{"href":"https:\/\/bonjourbangui.com\/index.php\/wp-json\/wp\/v2\/pages"}],"about":[{"href":"https:\/\/bonjourbangui.com\/index.php\/wp-json\/wp\/v2\/types\/page"}],"author":[{"embeddable":true,"href":"https:\/\/bonjourbangui.com\/index.php\/wp-json\/wp\/v2\/users\/1"}],"replies":[{"embeddable":true,"href":"https:\/\/bonjourbangui.com\/index.php\/wp-json\/wp\/v2\/comments?post=309"}],"version-history":[{"count":4,"href":"https:\/\/bonjourbangui.com\/index.php\/wp-json\/wp\/v2\/pages\/309\/revisions"}],"predecessor-version":[{"id":322,"href":"https:\/\/bonjourbangui.com\/index.php\/wp-json\/wp\/v2\/pages\/309\/revisions\/322"}],"wp:attachment":[{"href":"https:\/\/bonjourbangui.com\/index.php\/wp-json\/wp\/v2\/media?parent=309"}],"curies":[{"name":"wp","href":"https:\/\/api.w.org\/{rel}","templated":true}]}}