{"id":333,"date":"2021-09-02T15:31:21","date_gmt":"2021-09-02T13:31:21","guid":{"rendered":"http:\/\/bonjourbangui.com\/?page_id=333"},"modified":"2021-09-02T15:31:21","modified_gmt":"2021-09-02T13:31:21","slug":"les-delices-de-20-milles-places","status":"publish","type":"page","link":"https:\/\/bonjourbangui.com\/index.php\/les-delices-de-20-milles-places\/","title":{"rendered":"LES DELICES DE 20 MILLES PLACES"},"content":{"rendered":"\n<p>LE GRAND RESTAURANT, UN CADRE ID\u00c9AL, BRANCH\u00c9 POUR VOUS !CE SAMEDI 04 SEPTEMBRE, VENEZ D\u00c9COUVRIR NOS DELICES EN P\u00c2TISSERIE.<\/p>\n\n\n\n<p>CONTACT : 75 50 11 93 ou 75 05 46 02<\/p>\n\n\n\n<figure class=\"wp-block-gallery columns-3 is-cropped\"><ul class=\"blocks-gallery-grid\"><li class=\"blocks-gallery-item\"><figure><img loading=\"lazy\" width=\"1024\" height=\"768\" src=\"http:\/\/bonjourbangui.com\/wp-content\/uploads\/2021\/09\/241137926_384089153209142_3741963514908651671_n-1024x768.jpg\" alt=\"\" data-id=\"334\" data-full-url=\"http:\/\/bonjourbangui.com\/wp-content\/uploads\/2021\/09\/241137926_384089153209142_3741963514908651671_n.jpg\" data-link=\"http:\/\/bonjourbangui.com\/?attachment_id=334\" class=\"wp-image-334\" srcset=\"https:\/\/bonjourbangui.com\/wp-content\/uploads\/2021\/09\/241137926_384089153209142_3741963514908651671_n-1024x768.jpg 1024w, https:\/\/bonjourbangui.com\/wp-content\/uploads\/2021\/09\/241137926_384089153209142_3741963514908651671_n-300x225.jpg 300w, https:\/\/bonjourbangui.com\/wp-content\/uploads\/2021\/09\/241137926_384089153209142_3741963514908651671_n-768x576.jpg 768w, https:\/\/bonjourbangui.com\/wp-content\/uploads\/2021\/09\/241137926_384089153209142_3741963514908651671_n-80x60.jpg 80w, https:\/\/bonjourbangui.com\/wp-content\/uploads\/2021\/09\/241137926_384089153209142_3741963514908651671_n.jpg 1040w\" sizes=\"(max-width: 1024px) 100vw, 1024px\" \/><\/figure><\/li><li class=\"blocks-gallery-item\"><figure><img loading=\"lazy\" width=\"1024\" height=\"768\" src=\"http:\/\/bonjourbangui.com\/wp-content\/uploads\/2021\/09\/241140328_384089239875800_3371272788452838752_n-1024x768.jpg\" alt=\"\" data-id=\"335\" data-full-url=\"http:\/\/bonjourbangui.com\/wp-content\/uploads\/2021\/09\/241140328_384089239875800_3371272788452838752_n.jpg\" data-link=\"http:\/\/bonjourbangui.com\/?attachment_id=335\" class=\"wp-image-335\" srcset=\"https:\/\/bonjourbangui.com\/wp-content\/uploads\/2021\/09\/241140328_384089239875800_3371272788452838752_n-1024x768.jpg 1024w, https:\/\/bonjourbangui.com\/wp-content\/uploads\/2021\/09\/241140328_384089239875800_3371272788452838752_n-300x225.jpg 300w, https:\/\/bonjourbangui.com\/wp-content\/uploads\/2021\/09\/241140328_384089239875800_3371272788452838752_n-768x576.jpg 768w, https:\/\/bonjourbangui.com\/wp-content\/uploads\/2021\/09\/241140328_384089239875800_3371272788452838752_n-80x60.jpg 80w, https:\/\/bonjourbangui.com\/wp-content\/uploads\/2021\/09\/241140328_384089239875800_3371272788452838752_n.jpg 1040w\" sizes=\"(max-width: 1024px) 100vw, 1024px\" \/><\/figure><\/li><li class=\"blocks-gallery-item\"><figure><img loading=\"lazy\" width=\"1024\" height=\"768\" src=\"http:\/\/bonjourbangui.com\/wp-content\/uploads\/2021\/09\/241143504_384089466542444_6205227025802392618_n-1024x768.jpg\" alt=\"\" data-id=\"336\" data-full-url=\"http:\/\/bonjourbangui.com\/wp-content\/uploads\/2021\/09\/241143504_384089466542444_6205227025802392618_n.jpg\" data-link=\"http:\/\/bonjourbangui.com\/?attachment_id=336\" class=\"wp-image-336\" srcset=\"https:\/\/bonjourbangui.com\/wp-content\/uploads\/2021\/09\/241143504_384089466542444_6205227025802392618_n-1024x768.jpg 1024w, https:\/\/bonjourbangui.com\/wp-content\/uploads\/2021\/09\/241143504_384089466542444_6205227025802392618_n-300x225.jpg 300w, https:\/\/bonjourbangui.com\/wp-content\/uploads\/2021\/09\/241143504_384089466542444_6205227025802392618_n-768x576.jpg 768w, https:\/\/bonjourbangui.com\/wp-content\/uploads\/2021\/09\/241143504_384089466542444_6205227025802392618_n-80x60.jpg 80w, https:\/\/bonjourbangui.com\/wp-content\/uploads\/2021\/09\/241143504_384089466542444_6205227025802392618_n.jpg 1040w\" sizes=\"(max-width: 1024px) 100vw, 1024px\" \/><\/figure><\/li><li class=\"blocks-gallery-item\"><figure><img loading=\"lazy\" width=\"1024\" height=\"768\" src=\"http:\/\/bonjourbangui.com\/wp-content\/uploads\/2021\/09\/241150352_384089389875785_5024263748872042036_n-1024x768.jpg\" alt=\"\" data-id=\"337\" data-full-url=\"http:\/\/bonjourbangui.com\/wp-content\/uploads\/2021\/09\/241150352_384089389875785_5024263748872042036_n.jpg\" data-link=\"http:\/\/bonjourbangui.com\/?attachment_id=337\" class=\"wp-image-337\" srcset=\"https:\/\/bonjourbangui.com\/wp-content\/uploads\/2021\/09\/241150352_384089389875785_5024263748872042036_n-1024x768.jpg 1024w, https:\/\/bonjourbangui.com\/wp-content\/uploads\/2021\/09\/241150352_384089389875785_5024263748872042036_n-300x225.jpg 300w, https:\/\/bonjourbangui.com\/wp-content\/uploads\/2021\/09\/241150352_384089389875785_5024263748872042036_n-768x576.jpg 768w, https:\/\/bonjourbangui.com\/wp-content\/uploads\/2021\/09\/241150352_384089389875785_5024263748872042036_n-80x60.jpg 80w, https:\/\/bonjourbangui.com\/wp-content\/uploads\/2021\/09\/241150352_384089389875785_5024263748872042036_n.jpg 1040w\" sizes=\"(max-width: 1024px) 100vw, 1024px\" \/><\/figure><\/li><li class=\"blocks-gallery-item\"><figure><img loading=\"lazy\" width=\"1024\" height=\"768\" src=\"http:\/\/bonjourbangui.com\/wp-content\/uploads\/2021\/09\/241151151_384089426542448_5097770630264828497_n-1024x768.jpg\" alt=\"\" data-id=\"338\" data-full-url=\"http:\/\/bonjourbangui.com\/wp-content\/uploads\/2021\/09\/241151151_384089426542448_5097770630264828497_n.jpg\" data-link=\"http:\/\/bonjourbangui.com\/?attachment_id=338\" class=\"wp-image-338\" srcset=\"https:\/\/bonjourbangui.com\/wp-content\/uploads\/2021\/09\/241151151_384089426542448_5097770630264828497_n-1024x768.jpg 1024w, https:\/\/bonjourbangui.com\/wp-content\/uploads\/2021\/09\/241151151_384089426542448_5097770630264828497_n-300x225.jpg 300w, https:\/\/bonjourbangui.com\/wp-content\/uploads\/2021\/09\/241151151_384089426542448_5097770630264828497_n-768x576.jpg 768w, https:\/\/bonjourbangui.com\/wp-content\/uploads\/2021\/09\/241151151_384089426542448_5097770630264828497_n-80x60.jpg 80w, https:\/\/bonjourbangui.com\/wp-content\/uploads\/2021\/09\/241151151_384089426542448_5097770630264828497_n.jpg 1040w\" sizes=\"(max-width: 1024px) 100vw, 1024px\" \/><\/figure><\/li><li class=\"blocks-gallery-item\"><figure><img loading=\"lazy\" width=\"1024\" height=\"682\" src=\"http:\/\/bonjourbangui.com\/wp-content\/uploads\/2021\/09\/241151307_384089346542456_7084820836615928323_n-1024x682.jpg\" alt=\"\" data-id=\"339\" data-full-url=\"http:\/\/bonjourbangui.com\/wp-content\/uploads\/2021\/09\/241151307_384089346542456_7084820836615928323_n.jpg\" data-link=\"http:\/\/bonjourbangui.com\/?attachment_id=339\" class=\"wp-image-339\" srcset=\"https:\/\/bonjourbangui.com\/wp-content\/uploads\/2021\/09\/241151307_384089346542456_7084820836615928323_n-1024x682.jpg 1024w, https:\/\/bonjourbangui.com\/wp-content\/uploads\/2021\/09\/241151307_384089346542456_7084820836615928323_n-300x200.jpg 300w, https:\/\/bonjourbangui.com\/wp-content\/uploads\/2021\/09\/241151307_384089346542456_7084820836615928323_n-768x511.jpg 768w, https:\/\/bonjourbangui.com\/wp-content\/uploads\/2021\/09\/241151307_384089346542456_7084820836615928323_n-90x60.jpg 90w, https:\/\/bonjourbangui.com\/wp-content\/uploads\/2021\/09\/241151307_384089346542456_7084820836615928323_n-374x249.jpg 374w, https:\/\/bonjourbangui.com\/wp-content\/uploads\/2021\/09\/241151307_384089346542456_7084820836615928323_n.jpg 1080w\" sizes=\"(max-width: 1024px) 100vw, 1024px\" \/><\/figure><\/li><li class=\"blocks-gallery-item\"><figure><img loading=\"lazy\" width=\"1024\" height=\"768\" src=\"http:\/\/bonjourbangui.com\/wp-content\/uploads\/2021\/09\/241153032_384089316542459_3182056578292274298_n-1024x768.jpg\" alt=\"\" data-id=\"340\" data-full-url=\"http:\/\/bonjourbangui.com\/wp-content\/uploads\/2021\/09\/241153032_384089316542459_3182056578292274298_n.jpg\" data-link=\"http:\/\/bonjourbangui.com\/?attachment_id=340\" class=\"wp-image-340\" srcset=\"https:\/\/bonjourbangui.com\/wp-content\/uploads\/2021\/09\/241153032_384089316542459_3182056578292274298_n-1024x768.jpg 1024w, https:\/\/bonjourbangui.com\/wp-content\/uploads\/2021\/09\/241153032_384089316542459_3182056578292274298_n-300x225.jpg 300w, https:\/\/bonjourbangui.com\/wp-content\/uploads\/2021\/09\/241153032_384089316542459_3182056578292274298_n-768x576.jpg 768w, https:\/\/bonjourbangui.com\/wp-content\/uploads\/2021\/09\/241153032_384089316542459_3182056578292274298_n-80x60.jpg 80w, https:\/\/bonjourbangui.com\/wp-content\/uploads\/2021\/09\/241153032_384089316542459_3182056578292274298_n.jpg 1040w\" sizes=\"(max-width: 1024px) 100vw, 1024px\" \/><\/figure><\/li><li class=\"blocks-gallery-item\"><figure><img loading=\"lazy\" width=\"1024\" height=\"682\" src=\"http:\/\/bonjourbangui.com\/wp-content\/uploads\/2021\/09\/241153993_384089559875768_4982479153976358569_n-1024x682.jpg\" alt=\"\" data-id=\"341\" data-full-url=\"http:\/\/bonjourbangui.com\/wp-content\/uploads\/2021\/09\/241153993_384089559875768_4982479153976358569_n.jpg\" data-link=\"http:\/\/bonjourbangui.com\/?attachment_id=341\" class=\"wp-image-341\" srcset=\"https:\/\/bonjourbangui.com\/wp-content\/uploads\/2021\/09\/241153993_384089559875768_4982479153976358569_n-1024x682.jpg 1024w, https:\/\/bonjourbangui.com\/wp-content\/uploads\/2021\/09\/241153993_384089559875768_4982479153976358569_n-300x200.jpg 300w, https:\/\/bonjourbangui.com\/wp-content\/uploads\/2021\/09\/241153993_384089559875768_4982479153976358569_n-768x511.jpg 768w, https:\/\/bonjourbangui.com\/wp-content\/uploads\/2021\/09\/241153993_384089559875768_4982479153976358569_n-90x60.jpg 90w, https:\/\/bonjourbangui.com\/wp-content\/uploads\/2021\/09\/241153993_384089559875768_4982479153976358569_n-374x249.jpg 374w, https:\/\/bonjourbangui.com\/wp-content\/uploads\/2021\/09\/241153993_384089559875768_4982479153976358569_n.jpg 1080w\" sizes=\"(max-width: 1024px) 100vw, 1024px\" \/><\/figure><\/li><li class=\"blocks-gallery-item\"><figure><img loading=\"lazy\" width=\"1024\" height=\"768\" src=\"http:\/\/bonjourbangui.com\/wp-content\/uploads\/2021\/09\/241155604_384089536542437_126694140672309844_n-1024x768.jpg\" alt=\"\" data-id=\"342\" data-full-url=\"http:\/\/bonjourbangui.com\/wp-content\/uploads\/2021\/09\/241155604_384089536542437_126694140672309844_n.jpg\" data-link=\"http:\/\/bonjourbangui.com\/?attachment_id=342\" class=\"wp-image-342\" srcset=\"https:\/\/bonjourbangui.com\/wp-content\/uploads\/2021\/09\/241155604_384089536542437_126694140672309844_n-1024x768.jpg 1024w, https:\/\/bonjourbangui.com\/wp-content\/uploads\/2021\/09\/241155604_384089536542437_126694140672309844_n-300x225.jpg 300w, https:\/\/bonjourbangui.com\/wp-content\/uploads\/2021\/09\/241155604_384089536542437_126694140672309844_n-768x576.jpg 768w, https:\/\/bonjourbangui.com\/wp-content\/uploads\/2021\/09\/241155604_384089536542437_126694140672309844_n-80x60.jpg 80w, https:\/\/bonjourbangui.com\/wp-content\/uploads\/2021\/09\/241155604_384089536542437_126694140672309844_n.jpg 1040w\" sizes=\"(max-width: 1024px) 100vw, 1024px\" \/><\/figure><\/li><li class=\"blocks-gallery-item\"><figure><img loading=\"lazy\" width=\"1024\" height=\"768\" src=\"http:\/\/bonjourbangui.com\/wp-content\/uploads\/2021\/09\/241167390_384089176542473_3931385546614877531_n-1024x768.jpg\" alt=\"\" data-id=\"343\" data-full-url=\"http:\/\/bonjourbangui.com\/wp-content\/uploads\/2021\/09\/241167390_384089176542473_3931385546614877531_n.jpg\" data-link=\"http:\/\/bonjourbangui.com\/?attachment_id=343\" class=\"wp-image-343\" srcset=\"https:\/\/bonjourbangui.com\/wp-content\/uploads\/2021\/09\/241167390_384089176542473_3931385546614877531_n-1024x768.jpg 1024w, https:\/\/bonjourbangui.com\/wp-content\/uploads\/2021\/09\/241167390_384089176542473_3931385546614877531_n-300x225.jpg 300w, https:\/\/bonjourbangui.com\/wp-content\/uploads\/2021\/09\/241167390_384089176542473_3931385546614877531_n-768x576.jpg 768w, https:\/\/bonjourbangui.com\/wp-content\/uploads\/2021\/09\/241167390_384089176542473_3931385546614877531_n-80x60.jpg 80w, https:\/\/bonjourbangui.com\/wp-content\/uploads\/2021\/09\/241167390_384089176542473_3931385546614877531_n.jpg 1040w\" sizes=\"(max-width: 1024px) 100vw, 1024px\" \/><\/figure><\/li><li class=\"blocks-gallery-item\"><figure><img loading=\"lazy\" width=\"1024\" height=\"768\" src=\"http:\/\/bonjourbangui.com\/wp-content\/uploads\/2021\/09\/241175287_384089216542469_4998902049749926622_n-1024x768.jpg\" alt=\"\" data-id=\"344\" data-full-url=\"http:\/\/bonjourbangui.com\/wp-content\/uploads\/2021\/09\/241175287_384089216542469_4998902049749926622_n.jpg\" data-link=\"http:\/\/bonjourbangui.com\/?attachment_id=344\" class=\"wp-image-344\" srcset=\"https:\/\/bonjourbangui.com\/wp-content\/uploads\/2021\/09\/241175287_384089216542469_4998902049749926622_n-1024x768.jpg 1024w, https:\/\/bonjourbangui.com\/wp-content\/uploads\/2021\/09\/241175287_384089216542469_4998902049749926622_n-300x225.jpg 300w, https:\/\/bonjourbangui.com\/wp-content\/uploads\/2021\/09\/241175287_384089216542469_4998902049749926622_n-768x576.jpg 768w, https:\/\/bonjourbangui.com\/wp-content\/uploads\/2021\/09\/241175287_384089216542469_4998902049749926622_n-80x60.jpg 80w, https:\/\/bonjourbangui.com\/wp-content\/uploads\/2021\/09\/241175287_384089216542469_4998902049749926622_n.jpg 1040w\" sizes=\"(max-width: 1024px) 100vw, 1024px\" \/><\/figure><\/li><li class=\"blocks-gallery-item\"><figure><img loading=\"lazy\" width=\"1024\" height=\"768\" src=\"http:\/\/bonjourbangui.com\/wp-content\/uploads\/2021\/09\/241182368_384089109875813_5089826585975115627_n-1024x768.jpg\" alt=\"\" data-id=\"345\" data-full-url=\"http:\/\/bonjourbangui.com\/wp-content\/uploads\/2021\/09\/241182368_384089109875813_5089826585975115627_n.jpg\" data-link=\"http:\/\/bonjourbangui.com\/?attachment_id=345\" class=\"wp-image-345\" srcset=\"https:\/\/bonjourbangui.com\/wp-content\/uploads\/2021\/09\/241182368_384089109875813_5089826585975115627_n-1024x768.jpg 1024w, https:\/\/bonjourbangui.com\/wp-content\/uploads\/2021\/09\/241182368_384089109875813_5089826585975115627_n-300x225.jpg 300w, https:\/\/bonjourbangui.com\/wp-content\/uploads\/2021\/09\/241182368_384089109875813_5089826585975115627_n-768x576.jpg 768w, https:\/\/bonjourbangui.com\/wp-content\/uploads\/2021\/09\/241182368_384089109875813_5089826585975115627_n-80x60.jpg 80w, https:\/\/bonjourbangui.com\/wp-content\/uploads\/2021\/09\/241182368_384089109875813_5089826585975115627_n.jpg 1040w\" sizes=\"(max-width: 1024px) 100vw, 1024px\" \/><\/figure><\/li><li class=\"blocks-gallery-item\"><figure><img loading=\"lazy\" width=\"1024\" height=\"768\" src=\"http:\/\/bonjourbangui.com\/wp-content\/uploads\/2021\/09\/241299725_384089496542441_1522434407112461843_n-1024x768.jpg\" alt=\"\" data-id=\"346\" data-full-url=\"http:\/\/bonjourbangui.com\/wp-content\/uploads\/2021\/09\/241299725_384089496542441_1522434407112461843_n.jpg\" data-link=\"http:\/\/bonjourbangui.com\/?attachment_id=346\" class=\"wp-image-346\" srcset=\"https:\/\/bonjourbangui.com\/wp-content\/uploads\/2021\/09\/241299725_384089496542441_1522434407112461843_n-1024x768.jpg 1024w, https:\/\/bonjourbangui.com\/wp-content\/uploads\/2021\/09\/241299725_384089496542441_1522434407112461843_n-300x225.jpg 300w, https:\/\/bonjourbangui.com\/wp-content\/uploads\/2021\/09\/241299725_384089496542441_1522434407112461843_n-768x576.jpg 768w, https:\/\/bonjourbangui.com\/wp-content\/uploads\/2021\/09\/241299725_384089496542441_1522434407112461843_n-80x60.jpg 80w, https:\/\/bonjourbangui.com\/wp-content\/uploads\/2021\/09\/241299725_384089496542441_1522434407112461843_n.jpg 1040w\" sizes=\"(max-width: 1024px) 100vw, 1024px\" \/><\/figure><\/li><li class=\"blocks-gallery-item\"><figure><img loading=\"lazy\" width=\"1024\" height=\"682\" src=\"http:\/\/bonjourbangui.com\/wp-content\/uploads\/2021\/09\/lesdelices-1-1024x682.jpg\" alt=\"\" data-id=\"347\" data-full-url=\"http:\/\/bonjourbangui.com\/wp-content\/uploads\/2021\/09\/lesdelices-1.jpg\" data-link=\"http:\/\/bonjourbangui.com\/?attachment_id=347\" class=\"wp-image-347\" srcset=\"https:\/\/bonjourbangui.com\/wp-content\/uploads\/2021\/09\/lesdelices-1-1024x682.jpg 1024w, https:\/\/bonjourbangui.com\/wp-content\/uploads\/2021\/09\/lesdelices-1-300x200.jpg 300w, https:\/\/bonjourbangui.com\/wp-content\/uploads\/2021\/09\/lesdelices-1-768x511.jpg 768w, https:\/\/bonjourbangui.com\/wp-content\/uploads\/2021\/09\/lesdelices-1-90x60.jpg 90w, https:\/\/bonjourbangui.com\/wp-content\/uploads\/2021\/09\/lesdelices-1-374x249.jpg 374w, https:\/\/bonjourbangui.com\/wp-content\/uploads\/2021\/09\/lesdelices-1.jpg 1080w\" sizes=\"(max-width: 1024px) 100vw, 1024px\" \/><\/figure><\/li><\/ul><\/figure>\n","protected":false},"excerpt":{"rendered":"<p>LE GRAND RESTAURANT, UN CADRE ID\u00c9AL, BRANCH\u00c9 POUR VOUS !CE SAMEDI 04 SEPTEMBRE, VENEZ D\u00c9COUVRIR NOS DELICES EN P\u00c2TISSERIE. CONTACT : 75 50 11 93 ou 75 05 46 02<\/p>\n","protected":false},"author":1,"featured_media":0,"parent":0,"menu_order":0,"comment_status":"closed","ping_status":"closed","template":"","meta":[],"_links":{"self":[{"href":"https:\/\/bonjourbangui.com\/index.php\/wp-json\/wp\/v2\/pages\/333"}],"collection":[{"href":"https:\/\/bonjourbangui.com\/index.php\/wp-json\/wp\/v2\/pages"}],"about":[{"href":"https:\/\/bonjourbangui.com\/index.php\/wp-json\/wp\/v2\/types\/page"}],"author":[{"embeddable":true,"href":"https:\/\/bonjourbangui.com\/index.php\/wp-json\/wp\/v2\/users\/1"}],"replies":[{"embeddable":true,"href":"https:\/\/bonjourbangui.com\/index.php\/wp-json\/wp\/v2\/comments?post=333"}],"version-history":[{"count":1,"href":"https:\/\/bonjourbangui.com\/index.php\/wp-json\/wp\/v2\/pages\/333\/revisions"}],"predecessor-version":[{"id":348,"href":"https:\/\/bonjourbangui.com\/index.php\/wp-json\/wp\/v2\/pages\/333\/revisions\/348"}],"wp:attachment":[{"href":"https:\/\/bonjourbangui.com\/index.php\/wp-json\/wp\/v2\/media?parent=333"}],"curies":[{"name":"wp","href":"https:\/\/api.w.org\/{rel}","templated":true}]}}